{"id":364,"date":"2026-03-16T18:22:23","date_gmt":"2026-03-16T18:22:23","guid":{"rendered":"https:\/\/chezburette.fr\/?page_id=364"},"modified":"2026-03-16T18:22:24","modified_gmt":"2026-03-16T18:22:24","slug":"gex","status":"publish","type":"page","link":"https:\/\/chezburette.fr\/index.php\/gex\/","title":{"rendered":"GEX"},"content":{"rendered":"\n<h3 class=\"wp-block-heading\">GEX et ALENTOURS \/\/ <strong>Vous souhaitez d\u00e9poser votre machine \u00e0 coudre pour un entretien ou une r\u00e9paration \u00e0 GEX ? <\/strong><\/h3>\n\n\n\n<div class=\"wp-block-columns is-layout-flex wp-container-core-columns-is-layout-9d6595d7 wp-block-columns-is-layout-flex\">\n<div class=\"wp-block-column is-layout-flow wp-block-column-is-layout-flow\" style=\"flex-basis:33.33%\"><div class=\"wp-block-image\">\n<figure class=\"aligncenter size-full\"><img loading=\"lazy\" decoding=\"async\" width=\"300\" height=\"114\" src=\"https:\/\/chezburette.fr\/wp-content\/uploads\/2026\/03\/Logo-MToinette-retina-300x114-1.webp\" alt=\"\" class=\"wp-image-365\"\/><\/figure>\n<\/div><\/div>\n\n\n\n<div class=\"wp-block-column is-layout-flow wp-block-column-is-layout-flow\" style=\"flex-basis:66.66%\">\n<p>Rendez-vous chez <a href=\"https:\/\/www.mtoinette.com\/\" target=\"_blank\" rel=\"noreferrer noopener\">M&rsquo;Toinette<\/a>, mercerie et loisirs cr\u00e9atifs<strong> \u00e0 GEX<\/strong>.<br><strong>15, Place du Jura<br>01170 GEX<\/strong><br>Vous pouvez d\u00e9poser votre machine aux horaires d&rsquo;ouverture du magasin \u00e0 consulter directement sur<a href=\"https:\/\/www.mtoinette.com\/\" target=\"_blank\" rel=\"noreferrer noopener\"> leur site<\/a>.<br>Je passe r\u00e9cup\u00e9rer et red\u00e9poser vos machines tous les derniers jeudis du mois sauf exception. <br><strong>Voici le calendrier de mes passages :<br>. mercredi 25 mars<br>. jeudi 30 avril<br>. jeudi 28 mai<br>. jeudi 25 juin<br>jeudi 30 juillet<\/strong><br>Pensez bien \u00e0 d\u00e9poser vos machines au plus tard la veille de mon passage.<br>Les r\u00e9visions et r\u00e9parations sont r\u00e9alis\u00e9es dans mon atelier \u00e0 Faverges-Seythenex par mes soins. <br><br><strong>\/\/\/ TOUTES MARQUES<\/strong> Vous d\u00e9poserez simplement votre machine en remplissant un bon d&rsquo;entr\u00e9e avec vos remarques et vous verserez 22\u20ac de prise en charge. <br><\/p>\n\n\n\n<p><strong>Forfait entretien de base = 118 \u20ac (+ 10 \u20ac si module de broderie sur machine combin\u00e9e). <\/strong><br>Je vous ferais parvenir un devis avant d&rsquo;intervenir sur votre machine si je constate un travail plus important ou des pi\u00e8ces \u00e0 changer. A l&rsquo;acceptation du devis, je m&rsquo;occuperai de votre machine dans les d\u00e9lais impartis.<br>Au cas o\u00f9 votre machine n&rsquo;est pas r\u00e9parable, le montant de prise en charge de 22\u20ac ne vous sera pas rembours\u00e9, il sert \u00e0 financer le d\u00e9montage\/diagnostic de votre machine.<\/p>\n<\/div>\n<\/div>\n\n\n\n<p><a href=\"https:\/\/chezburette.fr\/index.php\/entretien-reparation-machines-a-coudre-faverges\/\">Vous pr\u00e9f\u00e9reriez venir directement \u00e0 l&rsquo;atelier ? C&rsquo;est par ici !<\/a><\/p>\n\n\n\n<p><\/p>\n","protected":false},"excerpt":{"rendered":"<p>GEX et ALENTOURS \/\/ Vous souhaitez d\u00e9poser votre machine \u00e0 coudre pour un entretien ou une r\u00e9paration \u00e0 GEX ? Rendez-vous chez M&rsquo;Toinette, mercerie et loisirs cr\u00e9atifs \u00e0 GEX.15, Place &#8230;<\/p>\n","protected":false},"author":1,"featured_media":0,"parent":0,"menu_order":0,"comment_status":"closed","ping_status":"closed","template":"","meta":{"footnotes":""},"class_list":["post-364","page","type-page","status-publish","hentry"],"yoast_head":"<!-- This site is optimized with the Yoast SEO plugin v26.4 - https:\/\/yoast.com\/wordpress\/plugins\/seo\/ -->\n<title>GEX - Chez Burette<\/title>\n<meta name=\"robots\" content=\"index, follow, max-snippet:-1, max-image-preview:large, max-video-preview:-1\" \/>\n<link rel=\"canonical\" href=\"https:\/\/chezburette.fr\/index.php\/gex\/\" \/>\n<meta property=\"og:locale\" content=\"fr_FR\" \/>\n<meta property=\"og:type\" content=\"article\" \/>\n<meta property=\"og:title\" content=\"GEX - Chez Burette\" \/>\n<meta property=\"og:description\" content=\"GEX et ALENTOURS \/\/ Vous souhaitez d\u00e9poser votre machine \u00e0 coudre pour un entretien ou une r\u00e9paration \u00e0 GEX ? Rendez-vous chez M&rsquo;Toinette, mercerie et loisirs cr\u00e9atifs \u00e0 GEX.15, Place ...\" \/>\n<meta property=\"og:url\" content=\"https:\/\/chezburette.fr\/index.php\/gex\/\" \/>\n<meta property=\"og:site_name\" content=\"Chez Burette\" \/>\n<meta property=\"article:modified_time\" content=\"2026-03-16T18:22:24+00:00\" \/>\n<meta property=\"og:image\" content=\"https:\/\/chezburette.fr\/wp-content\/uploads\/2026\/03\/Logo-MToinette-retina-300x114-1.webp\" \/>\n\t<meta property=\"og:image:width\" content=\"300\" \/>\n\t<meta property=\"og:image:height\" content=\"114\" \/>\n\t<meta property=\"og:image:type\" content=\"image\/webp\" \/>\n<meta name=\"twitter:card\" content=\"summary_large_image\" \/>\n<meta name=\"twitter:label1\" content=\"Dur\u00e9e de lecture estim\u00e9e\" \/>\n\t<meta name=\"twitter:data1\" content=\"2 minutes\" \/>\n<script type=\"application\/ld+json\" class=\"yoast-schema-graph\">{\"@context\":\"https:\/\/schema.org\",\"@graph\":[{\"@type\":\"WebPage\",\"@id\":\"https:\/\/chezburette.fr\/index.php\/gex\/\",\"url\":\"https:\/\/chezburette.fr\/index.php\/gex\/\",\"name\":\"GEX - Chez Burette\",\"isPartOf\":{\"@id\":\"https:\/\/chezburette.fr\/#website\"},\"primaryImageOfPage\":{\"@id\":\"https:\/\/chezburette.fr\/index.php\/gex\/#primaryimage\"},\"image\":{\"@id\":\"https:\/\/chezburette.fr\/index.php\/gex\/#primaryimage\"},\"thumbnailUrl\":\"https:\/\/chezburette.fr\/wp-content\/uploads\/2026\/03\/Logo-MToinette-retina-300x114-1.webp\",\"datePublished\":\"2026-03-16T18:22:23+00:00\",\"dateModified\":\"2026-03-16T18:22:24+00:00\",\"breadcrumb\":{\"@id\":\"https:\/\/chezburette.fr\/index.php\/gex\/#breadcrumb\"},\"inLanguage\":\"fr-FR\",\"potentialAction\":[{\"@type\":\"ReadAction\",\"target\":[\"https:\/\/chezburette.fr\/index.php\/gex\/\"]}]},{\"@type\":\"ImageObject\",\"inLanguage\":\"fr-FR\",\"@id\":\"https:\/\/chezburette.fr\/index.php\/gex\/#primaryimage\",\"url\":\"https:\/\/chezburette.fr\/wp-content\/uploads\/2026\/03\/Logo-MToinette-retina-300x114-1.webp\",\"contentUrl\":\"https:\/\/chezburette.fr\/wp-content\/uploads\/2026\/03\/Logo-MToinette-retina-300x114-1.webp\",\"width\":300,\"height\":114},{\"@type\":\"BreadcrumbList\",\"@id\":\"https:\/\/chezburette.fr\/index.php\/gex\/#breadcrumb\",\"itemListElement\":[{\"@type\":\"ListItem\",\"position\":1,\"name\":\"Accueil\",\"item\":\"https:\/\/chezburette.fr\/\"},{\"@type\":\"ListItem\",\"position\":2,\"name\":\"GEX\"}]},{\"@type\":\"WebSite\",\"@id\":\"https:\/\/chezburette.fr\/#website\",\"url\":\"https:\/\/chezburette.fr\/\",\"name\":\"Chez Burette\",\"description\":\"Entretien et r\u00e9paration de machines \u00e0 coudre\",\"publisher\":{\"@id\":\"https:\/\/chezburette.fr\/#organization\"},\"potentialAction\":[{\"@type\":\"SearchAction\",\"target\":{\"@type\":\"EntryPoint\",\"urlTemplate\":\"https:\/\/chezburette.fr\/?s={search_term_string}\"},\"query-input\":{\"@type\":\"PropertyValueSpecification\",\"valueRequired\":true,\"valueName\":\"search_term_string\"}}],\"inLanguage\":\"fr-FR\"},{\"@type\":\"Organization\",\"@id\":\"https:\/\/chezburette.fr\/#organization\",\"name\":\"Chez Burette\",\"url\":\"https:\/\/chezburette.fr\/\",\"logo\":{\"@type\":\"ImageObject\",\"inLanguage\":\"fr-FR\",\"@id\":\"https:\/\/chezburette.fr\/#\/schema\/logo\/image\/\",\"url\":\"https:\/\/chezburette.fr\/wp-content\/uploads\/2025\/11\/logoEnTeteSite.jpg\",\"contentUrl\":\"https:\/\/chezburette.fr\/wp-content\/uploads\/2025\/11\/logoEnTeteSite.jpg\",\"width\":193,\"height\":158,\"caption\":\"Chez Burette\"},\"image\":{\"@id\":\"https:\/\/chezburette.fr\/#\/schema\/logo\/image\/\"}}]}<\/script>\n<!-- \/ Yoast SEO plugin. -->","yoast_head_json":{"title":"GEX - Chez Burette","robots":{"index":"index","follow":"follow","max-snippet":"max-snippet:-1","max-image-preview":"max-image-preview:large","max-video-preview":"max-video-preview:-1"},"canonical":"https:\/\/chezburette.fr\/index.php\/gex\/","og_locale":"fr_FR","og_type":"article","og_title":"GEX - Chez Burette","og_description":"GEX et ALENTOURS \/\/ Vous souhaitez d\u00e9poser votre machine \u00e0 coudre pour un entretien ou une r\u00e9paration \u00e0 GEX ? Rendez-vous chez M&rsquo;Toinette, mercerie et loisirs cr\u00e9atifs \u00e0 GEX.15, Place ...","og_url":"https:\/\/chezburette.fr\/index.php\/gex\/","og_site_name":"Chez Burette","article_modified_time":"2026-03-16T18:22:24+00:00","og_image":[{"width":300,"height":114,"url":"https:\/\/chezburette.fr\/wp-content\/uploads\/2026\/03\/Logo-MToinette-retina-300x114-1.webp","type":"image\/webp"}],"twitter_card":"summary_large_image","twitter_misc":{"Dur\u00e9e de lecture estim\u00e9e":"2 minutes"},"schema":{"@context":"https:\/\/schema.org","@graph":[{"@type":"WebPage","@id":"https:\/\/chezburette.fr\/index.php\/gex\/","url":"https:\/\/chezburette.fr\/index.php\/gex\/","name":"GEX - Chez Burette","isPartOf":{"@id":"https:\/\/chezburette.fr\/#website"},"primaryImageOfPage":{"@id":"https:\/\/chezburette.fr\/index.php\/gex\/#primaryimage"},"image":{"@id":"https:\/\/chezburette.fr\/index.php\/gex\/#primaryimage"},"thumbnailUrl":"https:\/\/chezburette.fr\/wp-content\/uploads\/2026\/03\/Logo-MToinette-retina-300x114-1.webp","datePublished":"2026-03-16T18:22:23+00:00","dateModified":"2026-03-16T18:22:24+00:00","breadcrumb":{"@id":"https:\/\/chezburette.fr\/index.php\/gex\/#breadcrumb"},"inLanguage":"fr-FR","potentialAction":[{"@type":"ReadAction","target":["https:\/\/chezburette.fr\/index.php\/gex\/"]}]},{"@type":"ImageObject","inLanguage":"fr-FR","@id":"https:\/\/chezburette.fr\/index.php\/gex\/#primaryimage","url":"https:\/\/chezburette.fr\/wp-content\/uploads\/2026\/03\/Logo-MToinette-retina-300x114-1.webp","contentUrl":"https:\/\/chezburette.fr\/wp-content\/uploads\/2026\/03\/Logo-MToinette-retina-300x114-1.webp","width":300,"height":114},{"@type":"BreadcrumbList","@id":"https:\/\/chezburette.fr\/index.php\/gex\/#breadcrumb","itemListElement":[{"@type":"ListItem","position":1,"name":"Accueil","item":"https:\/\/chezburette.fr\/"},{"@type":"ListItem","position":2,"name":"GEX"}]},{"@type":"WebSite","@id":"https:\/\/chezburette.fr\/#website","url":"https:\/\/chezburette.fr\/","name":"Chez Burette","description":"Entretien et r\u00e9paration de machines \u00e0 coudre","publisher":{"@id":"https:\/\/chezburette.fr\/#organization"},"potentialAction":[{"@type":"SearchAction","target":{"@type":"EntryPoint","urlTemplate":"https:\/\/chezburette.fr\/?s={search_term_string}"},"query-input":{"@type":"PropertyValueSpecification","valueRequired":true,"valueName":"search_term_string"}}],"inLanguage":"fr-FR"},{"@type":"Organization","@id":"https:\/\/chezburette.fr\/#organization","name":"Chez Burette","url":"https:\/\/chezburette.fr\/","logo":{"@type":"ImageObject","inLanguage":"fr-FR","@id":"https:\/\/chezburette.fr\/#\/schema\/logo\/image\/","url":"https:\/\/chezburette.fr\/wp-content\/uploads\/2025\/11\/logoEnTeteSite.jpg","contentUrl":"https:\/\/chezburette.fr\/wp-content\/uploads\/2025\/11\/logoEnTeteSite.jpg","width":193,"height":158,"caption":"Chez Burette"},"image":{"@id":"https:\/\/chezburette.fr\/#\/schema\/logo\/image\/"}}]}},"_links":{"self":[{"href":"https:\/\/chezburette.fr\/index.php\/wp-json\/wp\/v2\/pages\/364","targetHints":{"allow":["GET"]}}],"collection":[{"href":"https:\/\/chezburette.fr\/index.php\/wp-json\/wp\/v2\/pages"}],"about":[{"href":"https:\/\/chezburette.fr\/index.php\/wp-json\/wp\/v2\/types\/page"}],"author":[{"embeddable":true,"href":"https:\/\/chezburette.fr\/index.php\/wp-json\/wp\/v2\/users\/1"}],"replies":[{"embeddable":true,"href":"https:\/\/chezburette.fr\/index.php\/wp-json\/wp\/v2\/comments?post=364"}],"version-history":[{"count":1,"href":"https:\/\/chezburette.fr\/index.php\/wp-json\/wp\/v2\/pages\/364\/revisions"}],"predecessor-version":[{"id":366,"href":"https:\/\/chezburette.fr\/index.php\/wp-json\/wp\/v2\/pages\/364\/revisions\/366"}],"wp:attachment":[{"href":"https:\/\/chezburette.fr\/index.php\/wp-json\/wp\/v2\/media?parent=364"}],"curies":[{"name":"wp","href":"https:\/\/api.w.org\/{rel}","templated":true}]}}