{"id":321,"date":"2025-11-17T06:11:04","date_gmt":"2025-11-17T06:11:04","guid":{"rendered":"https:\/\/chezburette.fr\/?page_id=321"},"modified":"2026-03-16T18:43:06","modified_gmt":"2026-03-16T18:43:06","slug":"entretien-reparation-machines-a-coudre-faverges","status":"publish","type":"page","link":"https:\/\/chezburette.fr\/index.php\/entretien-reparation-machines-a-coudre-faverges\/","title":{"rendered":"FAVERGES"},"content":{"rendered":"\n<h3 class=\"wp-block-heading\">FAVERGES ET ALENTOURS\/\/ <strong>Vous souhaitez d\u00e9poser votre machine \u00e0 coudre pour un entretien ou une r\u00e9paration \u00e0 Faverges-Seythenex ? <\/strong><\/h3>\n\n\n\n<div class=\"wp-block-columns is-layout-flex wp-container-core-columns-is-layout-9d6595d7 wp-block-columns-is-layout-flex\">\n<div class=\"wp-block-column is-layout-flow wp-block-column-is-layout-flow\" style=\"flex-basis:33.33%\"><div class=\"wp-block-image\">\n<figure class=\"aligncenter size-full is-resized\"><img decoding=\"async\" src=\"https:\/\/chezburette.fr\/wp-content\/uploads\/2025\/10\/ATELIER-ChezBurette.png\" alt=\"atelier Chez Burette, Entretien et r\u00e9paration de machines \u00e0 coudre \u00e0 Faverges-Seythenex\" class=\"wp-image-167\" style=\"width:202px;height:auto\"\/><\/figure>\n<\/div><\/div>\n\n\n\n<div class=\"wp-block-column is-layout-flow wp-block-column-is-layout-flow\" style=\"flex-basis:66.66%\">\n<p>Rendez-vous directement \u00e0 mon atelier situ\u00e9 \u00e0 FAVERGES-SEYTHENEX, <a data-type=\"page\" data-id=\"115\" href=\"https:\/\/chezburette.fr\/index.php\/contact\/\">adresse ici.<\/a><br>Vous pouvez d\u00e9poser votre machine le lundi et mardi de 10h \u00e0 12h et de 14h \u00e0 16h, ainsi que le mercredi de 14h \u00e0 16h. <br>N&rsquo;h\u00e9sitez pas \u00e0 me <a data-type=\"page\" data-id=\"115\" href=\"https:\/\/chezburette.fr\/index.php\/contact\/\">t\u00e9l\u00e9phoner<\/a> pour qu&rsquo;on puisse convenir d&rsquo;un \u00e9ventuel rendez-vous.<br>D\u00e9lai d&rsquo;intervention de 1 \u00e0 3 semaines (variable selon les p\u00e9riodes de l&rsquo;ann\u00e9e, hors pi\u00e8ces \u00e0 commander).<br><br><strong>\/\/ ENTRETIEN ET REPARATION TOUTES MARQUES<\/strong><br><br>Lorsque vous d\u00e9poserez votre machine \u00e0 mon atelier, vous me ferez part de vos besoins et remarques, j&rsquo;effectuerai un pr\u00e9-diagnostic au besoin, nous remplirons un bon d&rsquo;entr\u00e9e et vous r\u00e8glerez 24\u20ac de prise en charge.<br><br><strong>Forfait entretien de base = 118 \u20ac <strong>(+ 10 \u20ac si module de broderie sur machine combin\u00e9e)<\/strong>. <\/strong><br>Je vous ferais parvenir un devis avant d&rsquo;intervenir sur votre machine si je constate un travail plus important ou des pi\u00e8ces \u00e0 changer. A l&rsquo;acceptation du devis, je m&rsquo;occuperai de votre machine dans les d\u00e9lais impartis.<br>Au cas o\u00f9 votre machine n&rsquo;est pas r\u00e9parable, le montant de prise en charge de 24\u20ac ne vous sera pas rembours\u00e9, il sert \u00e0 financer le d\u00e9montage\/diagnostic de votre machine.<\/p>\n<\/div>\n<\/div>\n\n\n\n<p><a href=\"https:\/\/chezburette.fr\/index.php\/entretien-machine-annecy\/\">Vous pr\u00e9f\u00e9reriez d\u00e9poser votre machine \u00e0 Annecy ? C&rsquo;est par ici !<\/a><\/p>\n","protected":false},"excerpt":{"rendered":"<p>FAVERGES ET ALENTOURS\/\/ Vous souhaitez d\u00e9poser votre machine \u00e0 coudre pour un entretien ou une r\u00e9paration \u00e0 Faverges-Seythenex ? Rendez-vous directement \u00e0 mon atelier situ\u00e9 \u00e0 FAVERGES-SEYTHENEX, adresse ici.Vous pouvez &#8230;<\/p>\n","protected":false},"author":1,"featured_media":0,"parent":0,"menu_order":0,"comment_status":"closed","ping_status":"closed","template":"","meta":{"footnotes":""},"class_list":["post-321","page","type-page","status-publish","hentry"],"yoast_head":"<!-- This site is optimized with the Yoast SEO plugin v26.4 - https:\/\/yoast.com\/wordpress\/plugins\/seo\/ -->\n<title>Entretien de machines \u00e0 coudre \u00e0 Faverges - Chez Burette<\/title>\n<meta name=\"description\" content=\"Vous souhaitez d\u00e9poser votre machine \u00e0 coudre pour un entretien ou une r\u00e9paration \u00e0 Faverges-Seythenex ? Rendez-vous \u00e0 mon atelier.\" \/>\n<meta name=\"robots\" content=\"index, follow, max-snippet:-1, max-image-preview:large, max-video-preview:-1\" \/>\n<link rel=\"canonical\" href=\"https:\/\/chezburette.fr\/index.php\/entretien-reparation-machines-a-coudre-faverges\/\" \/>\n<meta property=\"og:locale\" content=\"fr_FR\" \/>\n<meta property=\"og:type\" content=\"article\" \/>\n<meta property=\"og:title\" content=\"Entretien de machines \u00e0 coudre \u00e0 Faverges - Chez Burette\" \/>\n<meta property=\"og:description\" content=\"Vous souhaitez d\u00e9poser votre machine \u00e0 coudre pour un entretien ou une r\u00e9paration \u00e0 Faverges-Seythenex ? Rendez-vous \u00e0 mon atelier.\" \/>\n<meta property=\"og:url\" content=\"https:\/\/chezburette.fr\/index.php\/entretien-reparation-machines-a-coudre-faverges\/\" \/>\n<meta property=\"og:site_name\" content=\"Chez Burette\" \/>\n<meta property=\"article:modified_time\" content=\"2026-03-16T18:43:06+00:00\" \/>\n<meta property=\"og:image\" content=\"https:\/\/chezburette.fr\/wp-content\/uploads\/2025\/10\/ATELIER-ChezBurette.png\" \/>\n\t<meta property=\"og:image:width\" content=\"1\" \/>\n\t<meta property=\"og:image:height\" content=\"1\" \/>\n\t<meta property=\"og:image:type\" content=\"image\/png\" \/>\n<meta name=\"twitter:card\" content=\"summary_large_image\" \/>\n<meta name=\"twitter:label1\" content=\"Dur\u00e9e de lecture estim\u00e9e\" \/>\n\t<meta name=\"twitter:data1\" content=\"2 minutes\" \/>\n<script type=\"application\/ld+json\" class=\"yoast-schema-graph\">{\"@context\":\"https:\/\/schema.org\",\"@graph\":[{\"@type\":\"WebPage\",\"@id\":\"https:\/\/chezburette.fr\/index.php\/entretien-reparation-machines-a-coudre-faverges\/\",\"url\":\"https:\/\/chezburette.fr\/index.php\/entretien-reparation-machines-a-coudre-faverges\/\",\"name\":\"Entretien de machines \u00e0 coudre \u00e0 Faverges - Chez Burette\",\"isPartOf\":{\"@id\":\"https:\/\/chezburette.fr\/#website\"},\"primaryImageOfPage\":{\"@id\":\"https:\/\/chezburette.fr\/index.php\/entretien-reparation-machines-a-coudre-faverges\/#primaryimage\"},\"image\":{\"@id\":\"https:\/\/chezburette.fr\/index.php\/entretien-reparation-machines-a-coudre-faverges\/#primaryimage\"},\"thumbnailUrl\":\"https:\/\/chezburette.fr\/wp-content\/uploads\/2025\/10\/ATELIER-ChezBurette.png\",\"datePublished\":\"2025-11-17T06:11:04+00:00\",\"dateModified\":\"2026-03-16T18:43:06+00:00\",\"description\":\"Vous souhaitez d\u00e9poser votre machine \u00e0 coudre pour un entretien ou une r\u00e9paration \u00e0 Faverges-Seythenex ? Rendez-vous \u00e0 mon atelier.\",\"breadcrumb\":{\"@id\":\"https:\/\/chezburette.fr\/index.php\/entretien-reparation-machines-a-coudre-faverges\/#breadcrumb\"},\"inLanguage\":\"fr-FR\",\"potentialAction\":[{\"@type\":\"ReadAction\",\"target\":[\"https:\/\/chezburette.fr\/index.php\/entretien-reparation-machines-a-coudre-faverges\/\"]}]},{\"@type\":\"ImageObject\",\"inLanguage\":\"fr-FR\",\"@id\":\"https:\/\/chezburette.fr\/index.php\/entretien-reparation-machines-a-coudre-faverges\/#primaryimage\",\"url\":\"https:\/\/chezburette.fr\/wp-content\/uploads\/2025\/10\/ATELIER-ChezBurette.png\",\"contentUrl\":\"https:\/\/chezburette.fr\/wp-content\/uploads\/2025\/10\/ATELIER-ChezBurette.png\"},{\"@type\":\"BreadcrumbList\",\"@id\":\"https:\/\/chezburette.fr\/index.php\/entretien-reparation-machines-a-coudre-faverges\/#breadcrumb\",\"itemListElement\":[{\"@type\":\"ListItem\",\"position\":1,\"name\":\"Accueil\",\"item\":\"https:\/\/chezburette.fr\/\"},{\"@type\":\"ListItem\",\"position\":2,\"name\":\"FAVERGES\"}]},{\"@type\":\"WebSite\",\"@id\":\"https:\/\/chezburette.fr\/#website\",\"url\":\"https:\/\/chezburette.fr\/\",\"name\":\"Chez Burette\",\"description\":\"Entretien et r\u00e9paration de machines \u00e0 coudre\",\"publisher\":{\"@id\":\"https:\/\/chezburette.fr\/#organization\"},\"potentialAction\":[{\"@type\":\"SearchAction\",\"target\":{\"@type\":\"EntryPoint\",\"urlTemplate\":\"https:\/\/chezburette.fr\/?s={search_term_string}\"},\"query-input\":{\"@type\":\"PropertyValueSpecification\",\"valueRequired\":true,\"valueName\":\"search_term_string\"}}],\"inLanguage\":\"fr-FR\"},{\"@type\":\"Organization\",\"@id\":\"https:\/\/chezburette.fr\/#organization\",\"name\":\"Chez Burette\",\"url\":\"https:\/\/chezburette.fr\/\",\"logo\":{\"@type\":\"ImageObject\",\"inLanguage\":\"fr-FR\",\"@id\":\"https:\/\/chezburette.fr\/#\/schema\/logo\/image\/\",\"url\":\"https:\/\/chezburette.fr\/wp-content\/uploads\/2025\/11\/logoEnTeteSite.jpg\",\"contentUrl\":\"https:\/\/chezburette.fr\/wp-content\/uploads\/2025\/11\/logoEnTeteSite.jpg\",\"width\":193,\"height\":158,\"caption\":\"Chez Burette\"},\"image\":{\"@id\":\"https:\/\/chezburette.fr\/#\/schema\/logo\/image\/\"}}]}<\/script>\n<!-- \/ Yoast SEO plugin. -->","yoast_head_json":{"title":"Entretien de machines \u00e0 coudre \u00e0 Faverges - Chez Burette","description":"Vous souhaitez d\u00e9poser votre machine \u00e0 coudre pour un entretien ou une r\u00e9paration \u00e0 Faverges-Seythenex ? Rendez-vous \u00e0 mon atelier.","robots":{"index":"index","follow":"follow","max-snippet":"max-snippet:-1","max-image-preview":"max-image-preview:large","max-video-preview":"max-video-preview:-1"},"canonical":"https:\/\/chezburette.fr\/index.php\/entretien-reparation-machines-a-coudre-faverges\/","og_locale":"fr_FR","og_type":"article","og_title":"Entretien de machines \u00e0 coudre \u00e0 Faverges - Chez Burette","og_description":"Vous souhaitez d\u00e9poser votre machine \u00e0 coudre pour un entretien ou une r\u00e9paration \u00e0 Faverges-Seythenex ? Rendez-vous \u00e0 mon atelier.","og_url":"https:\/\/chezburette.fr\/index.php\/entretien-reparation-machines-a-coudre-faverges\/","og_site_name":"Chez Burette","article_modified_time":"2026-03-16T18:43:06+00:00","og_image":[{"url":"https:\/\/chezburette.fr\/wp-content\/uploads\/2025\/10\/ATELIER-ChezBurette.png","width":1,"height":1,"type":"image\/png"}],"twitter_card":"summary_large_image","twitter_misc":{"Dur\u00e9e de lecture estim\u00e9e":"2 minutes"},"schema":{"@context":"https:\/\/schema.org","@graph":[{"@type":"WebPage","@id":"https:\/\/chezburette.fr\/index.php\/entretien-reparation-machines-a-coudre-faverges\/","url":"https:\/\/chezburette.fr\/index.php\/entretien-reparation-machines-a-coudre-faverges\/","name":"Entretien de machines \u00e0 coudre \u00e0 Faverges - Chez Burette","isPartOf":{"@id":"https:\/\/chezburette.fr\/#website"},"primaryImageOfPage":{"@id":"https:\/\/chezburette.fr\/index.php\/entretien-reparation-machines-a-coudre-faverges\/#primaryimage"},"image":{"@id":"https:\/\/chezburette.fr\/index.php\/entretien-reparation-machines-a-coudre-faverges\/#primaryimage"},"thumbnailUrl":"https:\/\/chezburette.fr\/wp-content\/uploads\/2025\/10\/ATELIER-ChezBurette.png","datePublished":"2025-11-17T06:11:04+00:00","dateModified":"2026-03-16T18:43:06+00:00","description":"Vous souhaitez d\u00e9poser votre machine \u00e0 coudre pour un entretien ou une r\u00e9paration \u00e0 Faverges-Seythenex ? Rendez-vous \u00e0 mon atelier.","breadcrumb":{"@id":"https:\/\/chezburette.fr\/index.php\/entretien-reparation-machines-a-coudre-faverges\/#breadcrumb"},"inLanguage":"fr-FR","potentialAction":[{"@type":"ReadAction","target":["https:\/\/chezburette.fr\/index.php\/entretien-reparation-machines-a-coudre-faverges\/"]}]},{"@type":"ImageObject","inLanguage":"fr-FR","@id":"https:\/\/chezburette.fr\/index.php\/entretien-reparation-machines-a-coudre-faverges\/#primaryimage","url":"https:\/\/chezburette.fr\/wp-content\/uploads\/2025\/10\/ATELIER-ChezBurette.png","contentUrl":"https:\/\/chezburette.fr\/wp-content\/uploads\/2025\/10\/ATELIER-ChezBurette.png"},{"@type":"BreadcrumbList","@id":"https:\/\/chezburette.fr\/index.php\/entretien-reparation-machines-a-coudre-faverges\/#breadcrumb","itemListElement":[{"@type":"ListItem","position":1,"name":"Accueil","item":"https:\/\/chezburette.fr\/"},{"@type":"ListItem","position":2,"name":"FAVERGES"}]},{"@type":"WebSite","@id":"https:\/\/chezburette.fr\/#website","url":"https:\/\/chezburette.fr\/","name":"Chez Burette","description":"Entretien et r\u00e9paration de machines \u00e0 coudre","publisher":{"@id":"https:\/\/chezburette.fr\/#organization"},"potentialAction":[{"@type":"SearchAction","target":{"@type":"EntryPoint","urlTemplate":"https:\/\/chezburette.fr\/?s={search_term_string}"},"query-input":{"@type":"PropertyValueSpecification","valueRequired":true,"valueName":"search_term_string"}}],"inLanguage":"fr-FR"},{"@type":"Organization","@id":"https:\/\/chezburette.fr\/#organization","name":"Chez Burette","url":"https:\/\/chezburette.fr\/","logo":{"@type":"ImageObject","inLanguage":"fr-FR","@id":"https:\/\/chezburette.fr\/#\/schema\/logo\/image\/","url":"https:\/\/chezburette.fr\/wp-content\/uploads\/2025\/11\/logoEnTeteSite.jpg","contentUrl":"https:\/\/chezburette.fr\/wp-content\/uploads\/2025\/11\/logoEnTeteSite.jpg","width":193,"height":158,"caption":"Chez Burette"},"image":{"@id":"https:\/\/chezburette.fr\/#\/schema\/logo\/image\/"}}]}},"_links":{"self":[{"href":"https:\/\/chezburette.fr\/index.php\/wp-json\/wp\/v2\/pages\/321","targetHints":{"allow":["GET"]}}],"collection":[{"href":"https:\/\/chezburette.fr\/index.php\/wp-json\/wp\/v2\/pages"}],"about":[{"href":"https:\/\/chezburette.fr\/index.php\/wp-json\/wp\/v2\/types\/page"}],"author":[{"embeddable":true,"href":"https:\/\/chezburette.fr\/index.php\/wp-json\/wp\/v2\/users\/1"}],"replies":[{"embeddable":true,"href":"https:\/\/chezburette.fr\/index.php\/wp-json\/wp\/v2\/comments?post=321"}],"version-history":[{"count":6,"href":"https:\/\/chezburette.fr\/index.php\/wp-json\/wp\/v2\/pages\/321\/revisions"}],"predecessor-version":[{"id":375,"href":"https:\/\/chezburette.fr\/index.php\/wp-json\/wp\/v2\/pages\/321\/revisions\/375"}],"wp:attachment":[{"href":"https:\/\/chezburette.fr\/index.php\/wp-json\/wp\/v2\/media?parent=321"}],"curies":[{"name":"wp","href":"https:\/\/api.w.org\/{rel}","templated":true}]}}