{"id":303,"date":"2025-11-17T06:02:09","date_gmt":"2025-11-17T06:02:09","guid":{"rendered":"https:\/\/chezburette.fr\/?page_id=303"},"modified":"2026-03-16T18:32:17","modified_gmt":"2026-03-16T18:32:17","slug":"entretien-machine-annecy","status":"publish","type":"page","link":"https:\/\/chezburette.fr\/index.php\/entretien-machine-annecy\/","title":{"rendered":"ANNECY"},"content":{"rendered":"\n<h3 class=\"wp-block-heading\">ANNECY et ALENTOURS \/\/ <strong>Vous souhaitez d\u00e9poser votre machine \u00e0 coudre pour un entretien ou une r\u00e9paration \u00e0 Annecy ? <\/strong><\/h3>\n\n\n\n<div class=\"wp-block-columns is-layout-flex wp-container-core-columns-is-layout-9d6595d7 wp-block-columns-is-layout-flex\">\n<div class=\"wp-block-column is-layout-flow wp-block-column-is-layout-flow\" style=\"flex-basis:33.33%\"><div class=\"wp-block-image\">\n<figure class=\"aligncenter size-full is-resized\"><img loading=\"lazy\" decoding=\"async\" width=\"200\" height=\"200\" src=\"https:\/\/chezburette.fr\/wp-content\/uploads\/2025\/10\/sudocoud-logo-1519809865.png\" alt=\"logo magasin Sudocoud, d\u00e9p\u00f4t de votre machine \u00e0 coudre pour un entretien ou une r\u00e9paration \u00e0 Annecy\" class=\"wp-image-156\" style=\"width:124px;height:auto\" srcset=\"https:\/\/chezburette.fr\/wp-content\/uploads\/2025\/10\/sudocoud-logo-1519809865.png 200w, https:\/\/chezburette.fr\/wp-content\/uploads\/2025\/10\/sudocoud-logo-1519809865-150x150.png 150w\" sizes=\"auto, (max-width: 200px) 100vw, 200px\" \/><\/figure>\n<\/div><\/div>\n\n\n\n<div class=\"wp-block-column is-layout-flow wp-block-column-is-layout-flow\" style=\"flex-basis:66.66%\">\n<p>Rendez-vous chez <strong><a href=\"https:\/\/www.sudocoud.com\/\">SUDOCOUD<\/a><\/strong>, <strong>magasin de tissus et de machines \u00e0 coudre \u00e0 Annecy.<\/strong><br>Vous pouvez d\u00e9poser votre machine du mardi au samedi de 10h \u00e0 12h et de 14h \u00e0 18h30.<br>Je passe r\u00e9cup\u00e9rer et red\u00e9poser vos machines tous les jeudis matins. <br>Comptez un d\u00e9lai de 15 jours (variable suivant les p\u00e9riodes de l\u2019ann\u00e9e, hors pi\u00e8ces \u00e0 commander) \u00e0 partir de la date de d\u00e9part de votre machine et non de la date de d\u00e9p\u00f4t).<br>Les r\u00e9visions et r\u00e9parations sont r\u00e9alis\u00e9es dans mon atelier \u00e0 Faverges-Seythenex par mes soins. <br><br><strong>\/\/<\/strong> <strong>BROTHER, BERNINA, BABYLOCK : <\/strong>le magasin SUDOCOUD est le sp\u00e9cialiste de ces 3 marques. Pour un d\u00e9p\u00f4t de l&rsquo;une de ces marques, les vendeuses effectueront un pr\u00e9-diagnostic avec vous. Vous remplirez un bon d&rsquo;entr\u00e9e et verserez 24\u20ac de prise en charge.<br><strong>\/\/ AUTRES MARQUES :<\/strong> vous d\u00e9poserez simplement votre machine SANS pr\u00e9-diagnostic, en remplissant un bon d&rsquo;entr\u00e9e avec vos remarques et vous verserez 24\u20ac de prise en charge. <br><\/p>\n\n\n\n<p><strong>Forfait entretien de base = 118 \u20ac <strong>(+ 10 \u20ac si module de broderie sur machine combin\u00e9e)<\/strong>. <\/strong><br>Je vous ferais parvenir un devis avant d&rsquo;intervenir sur votre machine si je constate un travail plus important ou des pi\u00e8ces \u00e0 changer. A l&rsquo;acceptation du devis, je m&rsquo;occuperai de votre machine dans les d\u00e9lais impartis.<br>Au cas o\u00f9 votre machine n&rsquo;est pas r\u00e9parable, le montant de prise en charge de 24\u20ac ne vous sera pas rembours\u00e9, il sert \u00e0 financer le d\u00e9montage\/diagnostic de votre machine.<\/p>\n<\/div>\n<\/div>\n\n\n\n<p><a href=\"https:\/\/chezburette.fr\/index.php\/entretien-reparation-machines-a-coudre-faverges\/\">Vous pr\u00e9f\u00e9reriez venir directement \u00e0 l&rsquo;atelier ? C&rsquo;est par ici !<\/a><\/p>\n\n\n\n<p><\/p>\n","protected":false},"excerpt":{"rendered":"<p>ANNECY et ALENTOURS \/\/ Vous souhaitez d\u00e9poser votre machine \u00e0 coudre pour un entretien ou une r\u00e9paration \u00e0 Annecy ? Rendez-vous chez SUDOCOUD, magasin de tissus et de machines \u00e0 &#8230;<\/p>\n","protected":false},"author":1,"featured_media":0,"parent":0,"menu_order":0,"comment_status":"closed","ping_status":"closed","template":"","meta":{"footnotes":""},"class_list":["post-303","page","type-page","status-publish","hentry"],"yoast_head":"<!-- This site is optimized with the Yoast SEO plugin v26.4 - https:\/\/yoast.com\/wordpress\/plugins\/seo\/ -->\n<title>Entretien et r\u00e9paration de machines \u00e0 coudre \u00e0 Annecy - Chez Burette<\/title>\n<meta name=\"description\" content=\"Vous souhaitez d\u00e9poser votre machine \u00e0 coudre pour un entretien ou une r\u00e9paration \u00e0 Annecy ? Rendez-vous au magasin SUDOCOUD.\" \/>\n<meta name=\"robots\" content=\"index, follow, max-snippet:-1, max-image-preview:large, max-video-preview:-1\" \/>\n<link rel=\"canonical\" href=\"https:\/\/chezburette.fr\/index.php\/entretien-machine-annecy\/\" \/>\n<meta property=\"og:locale\" content=\"fr_FR\" \/>\n<meta property=\"og:type\" content=\"article\" \/>\n<meta property=\"og:title\" content=\"Entretien et r\u00e9paration de machines \u00e0 coudre \u00e0 Annecy - Chez Burette\" \/>\n<meta property=\"og:description\" content=\"Vous souhaitez d\u00e9poser votre machine \u00e0 coudre pour un entretien ou une r\u00e9paration \u00e0 Annecy ? Rendez-vous au magasin SUDOCOUD.\" \/>\n<meta property=\"og:url\" content=\"https:\/\/chezburette.fr\/index.php\/entretien-machine-annecy\/\" \/>\n<meta property=\"og:site_name\" content=\"Chez Burette\" \/>\n<meta property=\"article:modified_time\" content=\"2026-03-16T18:32:17+00:00\" \/>\n<meta property=\"og:image\" content=\"https:\/\/chezburette.fr\/wp-content\/uploads\/2025\/10\/sudocoud-logo-1519809865.png\" \/>\n\t<meta property=\"og:image:width\" content=\"200\" \/>\n\t<meta property=\"og:image:height\" content=\"200\" \/>\n\t<meta property=\"og:image:type\" content=\"image\/png\" \/>\n<meta name=\"twitter:card\" content=\"summary_large_image\" \/>\n<meta name=\"twitter:label1\" content=\"Dur\u00e9e de lecture estim\u00e9e\" \/>\n\t<meta name=\"twitter:data1\" content=\"2 minutes\" \/>\n<script type=\"application\/ld+json\" class=\"yoast-schema-graph\">{\"@context\":\"https:\/\/schema.org\",\"@graph\":[{\"@type\":\"WebPage\",\"@id\":\"https:\/\/chezburette.fr\/index.php\/entretien-machine-annecy\/\",\"url\":\"https:\/\/chezburette.fr\/index.php\/entretien-machine-annecy\/\",\"name\":\"Entretien et r\u00e9paration de machines \u00e0 coudre \u00e0 Annecy - Chez Burette\",\"isPartOf\":{\"@id\":\"https:\/\/chezburette.fr\/#website\"},\"primaryImageOfPage\":{\"@id\":\"https:\/\/chezburette.fr\/index.php\/entretien-machine-annecy\/#primaryimage\"},\"image\":{\"@id\":\"https:\/\/chezburette.fr\/index.php\/entretien-machine-annecy\/#primaryimage\"},\"thumbnailUrl\":\"https:\/\/chezburette.fr\/wp-content\/uploads\/2025\/10\/sudocoud-logo-1519809865.png\",\"datePublished\":\"2025-11-17T06:02:09+00:00\",\"dateModified\":\"2026-03-16T18:32:17+00:00\",\"description\":\"Vous souhaitez d\u00e9poser votre machine \u00e0 coudre pour un entretien ou une r\u00e9paration \u00e0 Annecy ? Rendez-vous au magasin SUDOCOUD.\",\"breadcrumb\":{\"@id\":\"https:\/\/chezburette.fr\/index.php\/entretien-machine-annecy\/#breadcrumb\"},\"inLanguage\":\"fr-FR\",\"potentialAction\":[{\"@type\":\"ReadAction\",\"target\":[\"https:\/\/chezburette.fr\/index.php\/entretien-machine-annecy\/\"]}]},{\"@type\":\"ImageObject\",\"inLanguage\":\"fr-FR\",\"@id\":\"https:\/\/chezburette.fr\/index.php\/entretien-machine-annecy\/#primaryimage\",\"url\":\"https:\/\/chezburette.fr\/wp-content\/uploads\/2025\/10\/sudocoud-logo-1519809865.png\",\"contentUrl\":\"https:\/\/chezburette.fr\/wp-content\/uploads\/2025\/10\/sudocoud-logo-1519809865.png\",\"width\":200,\"height\":200},{\"@type\":\"BreadcrumbList\",\"@id\":\"https:\/\/chezburette.fr\/index.php\/entretien-machine-annecy\/#breadcrumb\",\"itemListElement\":[{\"@type\":\"ListItem\",\"position\":1,\"name\":\"Accueil\",\"item\":\"https:\/\/chezburette.fr\/\"},{\"@type\":\"ListItem\",\"position\":2,\"name\":\"ANNECY\"}]},{\"@type\":\"WebSite\",\"@id\":\"https:\/\/chezburette.fr\/#website\",\"url\":\"https:\/\/chezburette.fr\/\",\"name\":\"Chez Burette\",\"description\":\"Entretien et r\u00e9paration de machines \u00e0 coudre\",\"publisher\":{\"@id\":\"https:\/\/chezburette.fr\/#organization\"},\"potentialAction\":[{\"@type\":\"SearchAction\",\"target\":{\"@type\":\"EntryPoint\",\"urlTemplate\":\"https:\/\/chezburette.fr\/?s={search_term_string}\"},\"query-input\":{\"@type\":\"PropertyValueSpecification\",\"valueRequired\":true,\"valueName\":\"search_term_string\"}}],\"inLanguage\":\"fr-FR\"},{\"@type\":\"Organization\",\"@id\":\"https:\/\/chezburette.fr\/#organization\",\"name\":\"Chez Burette\",\"url\":\"https:\/\/chezburette.fr\/\",\"logo\":{\"@type\":\"ImageObject\",\"inLanguage\":\"fr-FR\",\"@id\":\"https:\/\/chezburette.fr\/#\/schema\/logo\/image\/\",\"url\":\"https:\/\/chezburette.fr\/wp-content\/uploads\/2025\/11\/logoEnTeteSite.jpg\",\"contentUrl\":\"https:\/\/chezburette.fr\/wp-content\/uploads\/2025\/11\/logoEnTeteSite.jpg\",\"width\":193,\"height\":158,\"caption\":\"Chez Burette\"},\"image\":{\"@id\":\"https:\/\/chezburette.fr\/#\/schema\/logo\/image\/\"}}]}<\/script>\n<!-- \/ Yoast SEO plugin. -->","yoast_head_json":{"title":"Entretien et r\u00e9paration de machines \u00e0 coudre \u00e0 Annecy - Chez Burette","description":"Vous souhaitez d\u00e9poser votre machine \u00e0 coudre pour un entretien ou une r\u00e9paration \u00e0 Annecy ? Rendez-vous au magasin SUDOCOUD.","robots":{"index":"index","follow":"follow","max-snippet":"max-snippet:-1","max-image-preview":"max-image-preview:large","max-video-preview":"max-video-preview:-1"},"canonical":"https:\/\/chezburette.fr\/index.php\/entretien-machine-annecy\/","og_locale":"fr_FR","og_type":"article","og_title":"Entretien et r\u00e9paration de machines \u00e0 coudre \u00e0 Annecy - Chez Burette","og_description":"Vous souhaitez d\u00e9poser votre machine \u00e0 coudre pour un entretien ou une r\u00e9paration \u00e0 Annecy ? Rendez-vous au magasin SUDOCOUD.","og_url":"https:\/\/chezburette.fr\/index.php\/entretien-machine-annecy\/","og_site_name":"Chez Burette","article_modified_time":"2026-03-16T18:32:17+00:00","og_image":[{"width":200,"height":200,"url":"https:\/\/chezburette.fr\/wp-content\/uploads\/2025\/10\/sudocoud-logo-1519809865.png","type":"image\/png"}],"twitter_card":"summary_large_image","twitter_misc":{"Dur\u00e9e de lecture estim\u00e9e":"2 minutes"},"schema":{"@context":"https:\/\/schema.org","@graph":[{"@type":"WebPage","@id":"https:\/\/chezburette.fr\/index.php\/entretien-machine-annecy\/","url":"https:\/\/chezburette.fr\/index.php\/entretien-machine-annecy\/","name":"Entretien et r\u00e9paration de machines \u00e0 coudre \u00e0 Annecy - Chez Burette","isPartOf":{"@id":"https:\/\/chezburette.fr\/#website"},"primaryImageOfPage":{"@id":"https:\/\/chezburette.fr\/index.php\/entretien-machine-annecy\/#primaryimage"},"image":{"@id":"https:\/\/chezburette.fr\/index.php\/entretien-machine-annecy\/#primaryimage"},"thumbnailUrl":"https:\/\/chezburette.fr\/wp-content\/uploads\/2025\/10\/sudocoud-logo-1519809865.png","datePublished":"2025-11-17T06:02:09+00:00","dateModified":"2026-03-16T18:32:17+00:00","description":"Vous souhaitez d\u00e9poser votre machine \u00e0 coudre pour un entretien ou une r\u00e9paration \u00e0 Annecy ? Rendez-vous au magasin SUDOCOUD.","breadcrumb":{"@id":"https:\/\/chezburette.fr\/index.php\/entretien-machine-annecy\/#breadcrumb"},"inLanguage":"fr-FR","potentialAction":[{"@type":"ReadAction","target":["https:\/\/chezburette.fr\/index.php\/entretien-machine-annecy\/"]}]},{"@type":"ImageObject","inLanguage":"fr-FR","@id":"https:\/\/chezburette.fr\/index.php\/entretien-machine-annecy\/#primaryimage","url":"https:\/\/chezburette.fr\/wp-content\/uploads\/2025\/10\/sudocoud-logo-1519809865.png","contentUrl":"https:\/\/chezburette.fr\/wp-content\/uploads\/2025\/10\/sudocoud-logo-1519809865.png","width":200,"height":200},{"@type":"BreadcrumbList","@id":"https:\/\/chezburette.fr\/index.php\/entretien-machine-annecy\/#breadcrumb","itemListElement":[{"@type":"ListItem","position":1,"name":"Accueil","item":"https:\/\/chezburette.fr\/"},{"@type":"ListItem","position":2,"name":"ANNECY"}]},{"@type":"WebSite","@id":"https:\/\/chezburette.fr\/#website","url":"https:\/\/chezburette.fr\/","name":"Chez Burette","description":"Entretien et r\u00e9paration de machines \u00e0 coudre","publisher":{"@id":"https:\/\/chezburette.fr\/#organization"},"potentialAction":[{"@type":"SearchAction","target":{"@type":"EntryPoint","urlTemplate":"https:\/\/chezburette.fr\/?s={search_term_string}"},"query-input":{"@type":"PropertyValueSpecification","valueRequired":true,"valueName":"search_term_string"}}],"inLanguage":"fr-FR"},{"@type":"Organization","@id":"https:\/\/chezburette.fr\/#organization","name":"Chez Burette","url":"https:\/\/chezburette.fr\/","logo":{"@type":"ImageObject","inLanguage":"fr-FR","@id":"https:\/\/chezburette.fr\/#\/schema\/logo\/image\/","url":"https:\/\/chezburette.fr\/wp-content\/uploads\/2025\/11\/logoEnTeteSite.jpg","contentUrl":"https:\/\/chezburette.fr\/wp-content\/uploads\/2025\/11\/logoEnTeteSite.jpg","width":193,"height":158,"caption":"Chez Burette"},"image":{"@id":"https:\/\/chezburette.fr\/#\/schema\/logo\/image\/"}}]}},"_links":{"self":[{"href":"https:\/\/chezburette.fr\/index.php\/wp-json\/wp\/v2\/pages\/303","targetHints":{"allow":["GET"]}}],"collection":[{"href":"https:\/\/chezburette.fr\/index.php\/wp-json\/wp\/v2\/pages"}],"about":[{"href":"https:\/\/chezburette.fr\/index.php\/wp-json\/wp\/v2\/types\/page"}],"author":[{"embeddable":true,"href":"https:\/\/chezburette.fr\/index.php\/wp-json\/wp\/v2\/users\/1"}],"replies":[{"embeddable":true,"href":"https:\/\/chezburette.fr\/index.php\/wp-json\/wp\/v2\/comments?post=303"}],"version-history":[{"count":7,"href":"https:\/\/chezburette.fr\/index.php\/wp-json\/wp\/v2\/pages\/303\/revisions"}],"predecessor-version":[{"id":369,"href":"https:\/\/chezburette.fr\/index.php\/wp-json\/wp\/v2\/pages\/303\/revisions\/369"}],"wp:attachment":[{"href":"https:\/\/chezburette.fr\/index.php\/wp-json\/wp\/v2\/media?parent=303"}],"curies":[{"name":"wp","href":"https:\/\/api.w.org\/{rel}","templated":true}]}}