{"id":115,"date":"2025-10-24T14:37:49","date_gmt":"2025-10-24T14:37:49","guid":{"rendered":"https:\/\/chezburette.fr\/?page_id=115"},"modified":"2025-11-17T06:14:19","modified_gmt":"2025-11-17T06:14:19","slug":"contact","status":"publish","type":"page","link":"https:\/\/chezburette.fr\/index.php\/contact\/","title":{"rendered":"Contact"},"content":{"rendered":"\n<div class=\"wp-block-columns is-layout-flex wp-container-core-columns-is-layout-9d6595d7 wp-block-columns-is-layout-flex\">\n<div class=\"wp-block-column is-layout-flow wp-block-column-is-layout-flow\" style=\"flex-basis:33.33%\"><div class=\"wp-block-image\">\n<figure class=\"aligncenter size-full is-resized\"><img loading=\"lazy\" decoding=\"async\" width=\"183\" height=\"109\" src=\"https:\/\/chezburette.fr\/wp-content\/uploads\/2025\/10\/allo.gif\" alt=\"\" class=\"wp-image-184\" style=\"width:141px;height:auto\"\/><\/figure>\n<\/div><\/div>\n\n\n\n<div class=\"wp-block-column is-layout-flow wp-block-column-is-layout-flow\" style=\"flex-basis:66.66%\">\n<p><strong>Elsa BOUTONNET, technicienne<\/strong><br><strong>07 69 68 94 76<br>contact@chezburette.fr<\/strong><br><br>Une question ? Besoin d\u2019un devis ou d\u2019un rendez-vous ?<br>Je suis \u00e0 votre \u00e9coute !<\/p>\n\n\n\n<p><\/p>\n\n\n\n<p><strong>\/\/ Venir directement \u00e0 l\u2019atelier :<\/strong><br>595, route des grottes<br>74210&nbsp;FAVERGES-SEYTHENEX<br><strong>-&gt; Ouverture au public :<br>. lundi et mardi : 10h-12h \/ 14h-16h<br>. mercredi : 14h &#8211; 16h<\/strong><br><strong>-&gt; RDV possible par t\u00e9l\u00e9phone<\/strong><\/p>\n<\/div>\n<\/div>\n\n\n\n<hr class=\"wp-block-separator has-alpha-channel-opacity is-style-wide\"\/>\n\n\n\n<div class=\"alignwide wp-block-gmap-gmap-block gmap-block-ksii01lr\"><iframe src=\"https:\/\/maps.google.com\/maps?q=595%2C+route+des+grottes&amp;z=12&amp;t=roadmap&amp;output=embed\" class=\"embd-map\" title=\"595, route des grottes\"><\/iframe><\/div>\n\n\n\n<hr class=\"wp-block-separator has-alpha-channel-opacity is-style-wide\"\/>\n\n\n\n<div class=\"wp-block-columns is-layout-flex wp-container-core-columns-is-layout-9d6595d7 wp-block-columns-is-layout-flex\">\n<div class=\"wp-block-column is-layout-flow wp-block-column-is-layout-flow\" style=\"flex-basis:33.33%\">\n<figure class=\"wp-block-image size-full is-resized\"><img loading=\"lazy\" decoding=\"async\" width=\"1923\" height=\"2560\" src=\"https:\/\/chezburette.fr\/wp-content\/uploads\/2025\/10\/IMG_1265-scaled.jpg\" alt=\"\" class=\"wp-image-148\" style=\"aspect-ratio:1;object-fit:cover;width:300px\" srcset=\"https:\/\/chezburette.fr\/wp-content\/uploads\/2025\/10\/IMG_1265-scaled.jpg 1923w, https:\/\/chezburette.fr\/wp-content\/uploads\/2025\/10\/IMG_1265-225x300.jpg 225w, https:\/\/chezburette.fr\/wp-content\/uploads\/2025\/10\/IMG_1265-769x1024.jpg 769w, https:\/\/chezburette.fr\/wp-content\/uploads\/2025\/10\/IMG_1265-768x1022.jpg 768w, https:\/\/chezburette.fr\/wp-content\/uploads\/2025\/10\/IMG_1265-1154x1536.jpg 1154w, https:\/\/chezburette.fr\/wp-content\/uploads\/2025\/10\/IMG_1265-1539x2048.jpg 1539w\" sizes=\"auto, (max-width: 1923px) 100vw, 1923px\" \/><\/figure>\n<\/div>\n\n\n\n<div class=\"wp-block-column is-layout-flow wp-block-column-is-layout-flow\" style=\"flex-basis:66.66%\">\n<p><strong>QUI SUIS-JE ?<br><\/strong>Elsa, technicienne exp\u00e9riment\u00e9e, \u00e0 l&rsquo;\u00e9coute de vos besoins et de vos machines, passionn\u00e9e par la m\u00e9canique de pr\u00e9cision et la couture.<\/p>\n\n\n\n<p>J&rsquo;ai \u00e9t\u00e9 technicienne au magasin Chez Machine (Annecy ) durant sept ann\u00e9es au c\u00f4t\u00e9 d&rsquo;Eric, technicien hors-pair qui m&rsquo;a form\u00e9.<br><br><\/p>\n<\/div>\n<\/div>\n","protected":false},"excerpt":{"rendered":"<p>Elsa BOUTONNET, technicienne07 69 68 94 76contact@chezburette.fr Une question ? Besoin d\u2019un devis ou d\u2019un rendez-vous ?Je suis \u00e0 votre \u00e9coute ! \/\/ Venir directement \u00e0 l\u2019atelier :595, route des &#8230;<\/p>\n","protected":false},"author":1,"featured_media":0,"parent":0,"menu_order":0,"comment_status":"closed","ping_status":"closed","template":"","meta":{"footnotes":""},"class_list":["post-115","page","type-page","status-publish","hentry"],"yoast_head":"<!-- This site is optimized with the Yoast SEO plugin v26.4 - https:\/\/yoast.com\/wordpress\/plugins\/seo\/ -->\n<title>Contact - Chez Burette<\/title>\n<meta name=\"robots\" content=\"index, follow, max-snippet:-1, max-image-preview:large, max-video-preview:-1\" \/>\n<link rel=\"canonical\" href=\"https:\/\/chezburette.fr\/index.php\/contact\/\" \/>\n<meta property=\"og:locale\" content=\"fr_FR\" \/>\n<meta property=\"og:type\" content=\"article\" \/>\n<meta property=\"og:title\" content=\"Contact - Chez Burette\" \/>\n<meta property=\"og:description\" content=\"Elsa BOUTONNET, technicienne07 69 68 94 76contact@chezburette.fr Une question ? Besoin d\u2019un devis ou d\u2019un rendez-vous ?Je suis \u00e0 votre \u00e9coute ! \/\/ Venir directement \u00e0 l\u2019atelier :595, route des ...\" \/>\n<meta property=\"og:url\" content=\"https:\/\/chezburette.fr\/index.php\/contact\/\" \/>\n<meta property=\"og:site_name\" content=\"Chez Burette\" \/>\n<meta property=\"article:modified_time\" content=\"2025-11-17T06:14:19+00:00\" \/>\n<meta property=\"og:image\" content=\"https:\/\/chezburette.fr\/wp-content\/uploads\/2025\/10\/allo.gif\" \/>\n\t<meta property=\"og:image:width\" content=\"183\" \/>\n\t<meta property=\"og:image:height\" content=\"109\" \/>\n\t<meta property=\"og:image:type\" content=\"image\/gif\" \/>\n<meta name=\"twitter:card\" content=\"summary_large_image\" \/>\n<script type=\"application\/ld+json\" class=\"yoast-schema-graph\">{\"@context\":\"https:\/\/schema.org\",\"@graph\":[{\"@type\":\"WebPage\",\"@id\":\"https:\/\/chezburette.fr\/index.php\/contact\/\",\"url\":\"https:\/\/chezburette.fr\/index.php\/contact\/\",\"name\":\"Contact - Chez Burette\",\"isPartOf\":{\"@id\":\"https:\/\/chezburette.fr\/#website\"},\"primaryImageOfPage\":{\"@id\":\"https:\/\/chezburette.fr\/index.php\/contact\/#primaryimage\"},\"image\":{\"@id\":\"https:\/\/chezburette.fr\/index.php\/contact\/#primaryimage\"},\"thumbnailUrl\":\"https:\/\/chezburette.fr\/wp-content\/uploads\/2025\/10\/allo.gif\",\"datePublished\":\"2025-10-24T14:37:49+00:00\",\"dateModified\":\"2025-11-17T06:14:19+00:00\",\"breadcrumb\":{\"@id\":\"https:\/\/chezburette.fr\/index.php\/contact\/#breadcrumb\"},\"inLanguage\":\"fr-FR\",\"potentialAction\":[{\"@type\":\"ReadAction\",\"target\":[\"https:\/\/chezburette.fr\/index.php\/contact\/\"]}]},{\"@type\":\"ImageObject\",\"inLanguage\":\"fr-FR\",\"@id\":\"https:\/\/chezburette.fr\/index.php\/contact\/#primaryimage\",\"url\":\"https:\/\/chezburette.fr\/wp-content\/uploads\/2025\/10\/allo.gif\",\"contentUrl\":\"https:\/\/chezburette.fr\/wp-content\/uploads\/2025\/10\/allo.gif\",\"width\":183,\"height\":109},{\"@type\":\"BreadcrumbList\",\"@id\":\"https:\/\/chezburette.fr\/index.php\/contact\/#breadcrumb\",\"itemListElement\":[{\"@type\":\"ListItem\",\"position\":1,\"name\":\"Accueil\",\"item\":\"https:\/\/chezburette.fr\/\"},{\"@type\":\"ListItem\",\"position\":2,\"name\":\"Contact\"}]},{\"@type\":\"WebSite\",\"@id\":\"https:\/\/chezburette.fr\/#website\",\"url\":\"https:\/\/chezburette.fr\/\",\"name\":\"Chez Burette\",\"description\":\"Entretien et r\u00e9paration de machines \u00e0 coudre\",\"publisher\":{\"@id\":\"https:\/\/chezburette.fr\/#organization\"},\"potentialAction\":[{\"@type\":\"SearchAction\",\"target\":{\"@type\":\"EntryPoint\",\"urlTemplate\":\"https:\/\/chezburette.fr\/?s={search_term_string}\"},\"query-input\":{\"@type\":\"PropertyValueSpecification\",\"valueRequired\":true,\"valueName\":\"search_term_string\"}}],\"inLanguage\":\"fr-FR\"},{\"@type\":\"Organization\",\"@id\":\"https:\/\/chezburette.fr\/#organization\",\"name\":\"Chez Burette\",\"url\":\"https:\/\/chezburette.fr\/\",\"logo\":{\"@type\":\"ImageObject\",\"inLanguage\":\"fr-FR\",\"@id\":\"https:\/\/chezburette.fr\/#\/schema\/logo\/image\/\",\"url\":\"https:\/\/chezburette.fr\/wp-content\/uploads\/2025\/11\/logoEnTeteSite.jpg\",\"contentUrl\":\"https:\/\/chezburette.fr\/wp-content\/uploads\/2025\/11\/logoEnTeteSite.jpg\",\"width\":193,\"height\":158,\"caption\":\"Chez Burette\"},\"image\":{\"@id\":\"https:\/\/chezburette.fr\/#\/schema\/logo\/image\/\"}}]}<\/script>\n<!-- \/ Yoast SEO plugin. -->","yoast_head_json":{"title":"Contact - Chez Burette","robots":{"index":"index","follow":"follow","max-snippet":"max-snippet:-1","max-image-preview":"max-image-preview:large","max-video-preview":"max-video-preview:-1"},"canonical":"https:\/\/chezburette.fr\/index.php\/contact\/","og_locale":"fr_FR","og_type":"article","og_title":"Contact - Chez Burette","og_description":"Elsa BOUTONNET, technicienne07 69 68 94 76contact@chezburette.fr Une question ? Besoin d\u2019un devis ou d\u2019un rendez-vous ?Je suis \u00e0 votre \u00e9coute ! \/\/ Venir directement \u00e0 l\u2019atelier :595, route des ...","og_url":"https:\/\/chezburette.fr\/index.php\/contact\/","og_site_name":"Chez Burette","article_modified_time":"2025-11-17T06:14:19+00:00","og_image":[{"width":183,"height":109,"url":"https:\/\/chezburette.fr\/wp-content\/uploads\/2025\/10\/allo.gif","type":"image\/gif"}],"twitter_card":"summary_large_image","schema":{"@context":"https:\/\/schema.org","@graph":[{"@type":"WebPage","@id":"https:\/\/chezburette.fr\/index.php\/contact\/","url":"https:\/\/chezburette.fr\/index.php\/contact\/","name":"Contact - Chez Burette","isPartOf":{"@id":"https:\/\/chezburette.fr\/#website"},"primaryImageOfPage":{"@id":"https:\/\/chezburette.fr\/index.php\/contact\/#primaryimage"},"image":{"@id":"https:\/\/chezburette.fr\/index.php\/contact\/#primaryimage"},"thumbnailUrl":"https:\/\/chezburette.fr\/wp-content\/uploads\/2025\/10\/allo.gif","datePublished":"2025-10-24T14:37:49+00:00","dateModified":"2025-11-17T06:14:19+00:00","breadcrumb":{"@id":"https:\/\/chezburette.fr\/index.php\/contact\/#breadcrumb"},"inLanguage":"fr-FR","potentialAction":[{"@type":"ReadAction","target":["https:\/\/chezburette.fr\/index.php\/contact\/"]}]},{"@type":"ImageObject","inLanguage":"fr-FR","@id":"https:\/\/chezburette.fr\/index.php\/contact\/#primaryimage","url":"https:\/\/chezburette.fr\/wp-content\/uploads\/2025\/10\/allo.gif","contentUrl":"https:\/\/chezburette.fr\/wp-content\/uploads\/2025\/10\/allo.gif","width":183,"height":109},{"@type":"BreadcrumbList","@id":"https:\/\/chezburette.fr\/index.php\/contact\/#breadcrumb","itemListElement":[{"@type":"ListItem","position":1,"name":"Accueil","item":"https:\/\/chezburette.fr\/"},{"@type":"ListItem","position":2,"name":"Contact"}]},{"@type":"WebSite","@id":"https:\/\/chezburette.fr\/#website","url":"https:\/\/chezburette.fr\/","name":"Chez Burette","description":"Entretien et r\u00e9paration de machines \u00e0 coudre","publisher":{"@id":"https:\/\/chezburette.fr\/#organization"},"potentialAction":[{"@type":"SearchAction","target":{"@type":"EntryPoint","urlTemplate":"https:\/\/chezburette.fr\/?s={search_term_string}"},"query-input":{"@type":"PropertyValueSpecification","valueRequired":true,"valueName":"search_term_string"}}],"inLanguage":"fr-FR"},{"@type":"Organization","@id":"https:\/\/chezburette.fr\/#organization","name":"Chez Burette","url":"https:\/\/chezburette.fr\/","logo":{"@type":"ImageObject","inLanguage":"fr-FR","@id":"https:\/\/chezburette.fr\/#\/schema\/logo\/image\/","url":"https:\/\/chezburette.fr\/wp-content\/uploads\/2025\/11\/logoEnTeteSite.jpg","contentUrl":"https:\/\/chezburette.fr\/wp-content\/uploads\/2025\/11\/logoEnTeteSite.jpg","width":193,"height":158,"caption":"Chez Burette"},"image":{"@id":"https:\/\/chezburette.fr\/#\/schema\/logo\/image\/"}}]}},"_links":{"self":[{"href":"https:\/\/chezburette.fr\/index.php\/wp-json\/wp\/v2\/pages\/115","targetHints":{"allow":["GET"]}}],"collection":[{"href":"https:\/\/chezburette.fr\/index.php\/wp-json\/wp\/v2\/pages"}],"about":[{"href":"https:\/\/chezburette.fr\/index.php\/wp-json\/wp\/v2\/types\/page"}],"author":[{"embeddable":true,"href":"https:\/\/chezburette.fr\/index.php\/wp-json\/wp\/v2\/users\/1"}],"replies":[{"embeddable":true,"href":"https:\/\/chezburette.fr\/index.php\/wp-json\/wp\/v2\/comments?post=115"}],"version-history":[{"count":23,"href":"https:\/\/chezburette.fr\/index.php\/wp-json\/wp\/v2\/pages\/115\/revisions"}],"predecessor-version":[{"id":360,"href":"https:\/\/chezburette.fr\/index.php\/wp-json\/wp\/v2\/pages\/115\/revisions\/360"}],"wp:attachment":[{"href":"https:\/\/chezburette.fr\/index.php\/wp-json\/wp\/v2\/media?parent=115"}],"curies":[{"name":"wp","href":"https:\/\/api.w.org\/{rel}","templated":true}]}}