{"id":113,"date":"2025-10-24T14:37:35","date_gmt":"2025-10-24T14:37:35","guid":{"rendered":"https:\/\/chezburette.fr\/?page_id=113"},"modified":"2026-03-16T19:01:07","modified_gmt":"2026-03-16T19:01:07","slug":"entretien-machines-a-coudre-familiales","status":"publish","type":"page","link":"https:\/\/chezburette.fr\/","title":{"rendered":"L&rsquo;atelier"},"content":{"rendered":"<div class=\"wp-block-image\">\n<figure class=\"aligncenter size-full\"><img loading=\"lazy\" decoding=\"async\" width=\"650\" height=\"200\" src=\"https:\/\/chezburette.fr\/wp-content\/uploads\/2025\/11\/banniere1.gif\" alt=\"machine \u00e0 coudre en r\u00e9vision Chez Burette, Entretien et r\u00e9paration de vos machines \u00e0 coudre familiales. Piqueuses, brodeuses, surjeteuses, recouvreuses et machines combin\u00e9es.\" class=\"wp-image-238\"\/><\/figure>\n<\/div>\n\n\n<figure class=\"wp-block-image size-full is-resized\"><img loading=\"lazy\" decoding=\"async\" width=\"297\" height=\"128\" src=\"https:\/\/chezburette.fr\/wp-content\/uploads\/2025\/10\/quoi.gif\" alt=\"\" class=\"wp-image-215\" style=\"width:166px;height:auto\"\/><\/figure>\n\n\n\n<p class=\"has-text-align-left\">Ici on <strong>r\u00e9vise<\/strong>, on<strong> entretient<\/strong>, on<strong> nettoie,<\/strong> on <strong>bichonne<\/strong> et on <strong>r\u00e9pare vos plus fid\u00e8les compagnons de couture<\/strong> !<br>Le meilleur soin est apport\u00e9 \u00e0 vos <strong>machines \u00e0 coudre familiales, piqueuses, brodeuses, surjeteuses, recouvreuses et machines combin\u00e9es<\/strong>.<br><br>Sp\u00e9cialis\u00e9 dans les marques<strong> BROTHER, BERNINA et BABYLOCK<\/strong>, nous sommes en mesure d&rsquo;intervenir sur<strong> toutes les marques <\/strong>de machines \u00e0 coudre familiales pour des entretiens r\u00e9guliers ou des r\u00e9parations.<\/p>\n\n\n\n<p class=\"has-text-align-left\">JANOME, JUKI, ELNA, HUSQVARNA, PFAFF, SINGER, THIMMONIER&#8230;<\/p>\n\n\n\n<p class=\"has-text-align-left\">Une machine qui fait du sur-place au lieu d&rsquo;avancer, o\u00f9 pire, qui coud en marche arri\u00e8re ?<br>Des tensions indomptables malgr\u00e9 vos r\u00e9glages ?<br>Votre machine saute des points ?<br>Souvent un entretien de votre machine \u00e0 coudre suffit \u00e0 r\u00e9soudre tous ces probl\u00e8mes qui sont d\u00fb \u00e0 un encrassement, personne ne vous apprendra que le fil et le tissu \u00e7a fait des minons&#8230;, \u00e0 des m\u00e9canismes gripp\u00e9s par manque d&rsquo;huile&#8230;<br><\/p>\n\n\n\n<figure class=\"wp-block-image size-large is-resized\"><img loading=\"lazy\" decoding=\"async\" width=\"1024\" height=\"127\" src=\"https:\/\/chezburette.fr\/wp-content\/uploads\/2025\/10\/OuQuandComment-1024x127.gif\" alt=\"\" class=\"wp-image-195\" style=\"width:576px;height:auto\" srcset=\"https:\/\/chezburette.fr\/wp-content\/uploads\/2025\/10\/OuQuandComment-1024x127.gif 1024w, https:\/\/chezburette.fr\/wp-content\/uploads\/2025\/10\/OuQuandComment-300x37.gif 300w, https:\/\/chezburette.fr\/wp-content\/uploads\/2025\/10\/OuQuandComment-768x95.gif 768w\" sizes=\"auto, (max-width: 1024px) 100vw, 1024px\" \/><\/figure>\n\n\n\n<h5 class=\"wp-block-heading has-white-color has-vivid-purple-background-color has-text-color has-background has-link-color wp-elements-e96e9ab8f8d722043850c9d675b65f1e\"><a href=\"https:\/\/chezburette.fr\/index.php\/entretien-machine-annecy\/\">\/\/\/ A <strong>ANNECY et ses environs<\/strong>, toutes les informations ici<\/a><\/h5>\n\n\n\n<h5 class=\"wp-block-heading has-white-color has-text-color has-background has-link-color wp-elements-4c82fd250657fa222c1507ade7cafdf8\" style=\"background-color:#08834b\"><a href=\"https:\/\/chezburette.fr\/index.php\/entretien-reparation-machines-a-coudre-faverges\/\">\/\/\/ A <strong>FAVERGES et ses environs<\/strong>, toutes les informations ici<\/a><br><\/h5>\n\n\n\n<h5 class=\"wp-block-heading has-white-color has-text-color has-background has-link-color wp-elements-57b51010d17d3fb1df381640fff58533\" style=\"background-color:#c99508\"><a href=\"https:\/\/chezburette.fr\/index.php\/gex\/\">\/\/\/ A GEX et ses environs, toutes les informations ici<\/a><\/h5>\n\n\n\n<hr class=\"wp-block-separator has-alpha-channel-opacity\"\/>\n\n\n\n<figure class=\"wp-block-gallery has-nested-images columns-default is-cropped wp-block-gallery-1 is-layout-flex wp-block-gallery-is-layout-flex\">\n<figure class=\"wp-block-image size-large\"><img loading=\"lazy\" decoding=\"async\" width=\"768\" height=\"1024\" data-id=\"377\" src=\"https:\/\/chezburette.fr\/wp-content\/uploads\/2026\/03\/IMG_17381-768x1024.jpg\" alt=\"\" class=\"wp-image-377\" srcset=\"https:\/\/chezburette.fr\/wp-content\/uploads\/2026\/03\/IMG_17381-768x1024.jpg 768w, https:\/\/chezburette.fr\/wp-content\/uploads\/2026\/03\/IMG_17381-225x300.jpg 225w, https:\/\/chezburette.fr\/wp-content\/uploads\/2026\/03\/IMG_17381-1152x1536.jpg 1152w, https:\/\/chezburette.fr\/wp-content\/uploads\/2026\/03\/IMG_17381-1536x2048.jpg 1536w, https:\/\/chezburette.fr\/wp-content\/uploads\/2026\/03\/IMG_17381-scaled.jpg 1920w\" sizes=\"auto, (max-width: 768px) 100vw, 768px\" \/><\/figure>\n\n\n\n<figure class=\"wp-block-image size-large\"><img loading=\"lazy\" decoding=\"async\" width=\"768\" height=\"1024\" data-id=\"380\" src=\"https:\/\/chezburette.fr\/wp-content\/uploads\/2026\/03\/IMG_1997-768x1024.jpg\" alt=\"\" class=\"wp-image-380\" srcset=\"https:\/\/chezburette.fr\/wp-content\/uploads\/2026\/03\/IMG_1997-768x1024.jpg 768w, https:\/\/chezburette.fr\/wp-content\/uploads\/2026\/03\/IMG_1997-225x300.jpg 225w, https:\/\/chezburette.fr\/wp-content\/uploads\/2026\/03\/IMG_1997-1152x1536.jpg 1152w, https:\/\/chezburette.fr\/wp-content\/uploads\/2026\/03\/IMG_1997-1536x2048.jpg 1536w, https:\/\/chezburette.fr\/wp-content\/uploads\/2026\/03\/IMG_1997-scaled.jpg 1920w\" sizes=\"auto, (max-width: 768px) 100vw, 768px\" \/><\/figure>\n\n\n\n<figure class=\"wp-block-image size-large\"><img loading=\"lazy\" decoding=\"async\" width=\"768\" height=\"1024\" data-id=\"381\" src=\"https:\/\/chezburette.fr\/wp-content\/uploads\/2026\/03\/IMG_2177-1-768x1024.jpg\" alt=\"\" class=\"wp-image-381\" srcset=\"https:\/\/chezburette.fr\/wp-content\/uploads\/2026\/03\/IMG_2177-1-768x1024.jpg 768w, https:\/\/chezburette.fr\/wp-content\/uploads\/2026\/03\/IMG_2177-1-225x300.jpg 225w, https:\/\/chezburette.fr\/wp-content\/uploads\/2026\/03\/IMG_2177-1-1152x1536.jpg 1152w, https:\/\/chezburette.fr\/wp-content\/uploads\/2026\/03\/IMG_2177-1-1536x2048.jpg 1536w, https:\/\/chezburette.fr\/wp-content\/uploads\/2026\/03\/IMG_2177-1-scaled.jpg 1920w\" sizes=\"auto, (max-width: 768px) 100vw, 768px\" \/><\/figure>\n<\/figure>\n\n\n\n<figure class=\"wp-block-gallery has-nested-images columns-default is-cropped wp-block-gallery-2 is-layout-flex wp-block-gallery-is-layout-flex\">\n<figure class=\"wp-block-image size-large\"><img loading=\"lazy\" decoding=\"async\" width=\"768\" height=\"1024\" data-id=\"373\" src=\"https:\/\/chezburette.fr\/wp-content\/uploads\/2026\/03\/IMG_2317-768x1024.jpg\" alt=\"\" class=\"wp-image-373\" srcset=\"https:\/\/chezburette.fr\/wp-content\/uploads\/2026\/03\/IMG_2317-768x1024.jpg 768w, https:\/\/chezburette.fr\/wp-content\/uploads\/2026\/03\/IMG_2317-225x300.jpg 225w, https:\/\/chezburette.fr\/wp-content\/uploads\/2026\/03\/IMG_2317-1152x1536.jpg 1152w, https:\/\/chezburette.fr\/wp-content\/uploads\/2026\/03\/IMG_2317-1536x2048.jpg 1536w, https:\/\/chezburette.fr\/wp-content\/uploads\/2026\/03\/IMG_2317-scaled.jpg 1920w\" sizes=\"auto, (max-width: 768px) 100vw, 768px\" \/><\/figure>\n\n\n\n<figure class=\"wp-block-image size-full\"><img loading=\"lazy\" decoding=\"async\" width=\"1920\" height=\"2560\" data-id=\"378\" src=\"https:\/\/chezburette.fr\/wp-content\/uploads\/2026\/03\/IMG_2303-scaled.jpg\" alt=\"\" class=\"wp-image-378\"\/><\/figure>\n\n\n\n<figure class=\"wp-block-image size-large\"><img loading=\"lazy\" decoding=\"async\" width=\"768\" height=\"1024\" data-id=\"382\" src=\"https:\/\/chezburette.fr\/wp-content\/uploads\/2026\/03\/IMG_2536-768x1024.jpg\" alt=\"\" class=\"wp-image-382\" srcset=\"https:\/\/chezburette.fr\/wp-content\/uploads\/2026\/03\/IMG_2536-768x1024.jpg 768w, https:\/\/chezburette.fr\/wp-content\/uploads\/2026\/03\/IMG_2536-225x300.jpg 225w, https:\/\/chezburette.fr\/wp-content\/uploads\/2026\/03\/IMG_2536-1152x1536.jpg 1152w, https:\/\/chezburette.fr\/wp-content\/uploads\/2026\/03\/IMG_2536-1536x2048.jpg 1536w, https:\/\/chezburette.fr\/wp-content\/uploads\/2026\/03\/IMG_2536-scaled.jpg 1920w\" sizes=\"auto, (max-width: 768px) 100vw, 768px\" \/><\/figure>\n<\/figure>\n\n\n\n<figure class=\"wp-block-image size-full\"><img loading=\"lazy\" decoding=\"async\" width=\"317\" height=\"196\" src=\"https:\/\/chezburette.fr\/wp-content\/uploads\/2025\/11\/sewing-maschine-xray.png\" alt=\"machine \u00e0 coudre bernina\" class=\"wp-image-342\" srcset=\"https:\/\/chezburette.fr\/wp-content\/uploads\/2025\/11\/sewing-maschine-xray.png 317w, https:\/\/chezburette.fr\/wp-content\/uploads\/2025\/11\/sewing-maschine-xray-300x185.png 300w\" sizes=\"auto, (max-width: 317px) 100vw, 317px\" \/><\/figure>\n\n\n\n<p><a href=\"https:\/\/www.bernina.com\/fr-FR\/Footer-fr-FR\/Pourquoi-BERNINA\/Qualite-et-tradition\/Histoire\">L&rsquo;histoire des machines \u00e0 coudre BERNINA<\/a><\/p>\n\n\n\n<p><\/p>\n","protected":false},"excerpt":{"rendered":"<p>Ici on r\u00e9vise, on entretient, on nettoie, on bichonne et on r\u00e9pare vos plus fid\u00e8les compagnons de couture !Le meilleur soin est apport\u00e9 \u00e0 vos machines \u00e0 coudre familiales, piqueuses, &#8230;<\/p>\n","protected":false},"author":1,"featured_media":0,"parent":0,"menu_order":0,"comment_status":"closed","ping_status":"closed","template":"","meta":{"footnotes":""},"class_list":["post-113","page","type-page","status-publish","hentry"],"yoast_head":"<!-- This site is optimized with the Yoast SEO plugin v26.4 - https:\/\/yoast.com\/wordpress\/plugins\/seo\/ -->\n<title>Entretien de machines \u00e0 coudre familiales - Chez Burette<\/title>\n<meta name=\"description\" content=\"Entretien et r\u00e9paration de machines \u00e0 coudre familiales. Piqueuses, brodeuses, surjeteuses, recouvreuses et machines combin\u00e9es.\" \/>\n<meta name=\"robots\" content=\"index, follow, max-snippet:-1, max-image-preview:large, max-video-preview:-1\" \/>\n<link rel=\"canonical\" href=\"https:\/\/chezburette.fr\/\" \/>\n<meta property=\"og:locale\" content=\"fr_FR\" \/>\n<meta property=\"og:type\" content=\"article\" \/>\n<meta property=\"og:title\" content=\"Entretien de machines \u00e0 coudre familiales - Chez Burette\" \/>\n<meta property=\"og:description\" content=\"Entretien et r\u00e9paration de machines \u00e0 coudre familiales. Piqueuses, brodeuses, surjeteuses, recouvreuses et machines combin\u00e9es.\" \/>\n<meta property=\"og:url\" content=\"https:\/\/chezburette.fr\/\" \/>\n<meta property=\"og:site_name\" content=\"Chez Burette\" \/>\n<meta property=\"article:modified_time\" content=\"2026-03-16T19:01:07+00:00\" \/>\n<meta property=\"og:image\" content=\"https:\/\/chezburette.fr\/wp-content\/uploads\/2025\/11\/banniere1.gif\" \/>\n\t<meta property=\"og:image:width\" content=\"650\" \/>\n\t<meta property=\"og:image:height\" content=\"200\" \/>\n\t<meta property=\"og:image:type\" content=\"image\/gif\" \/>\n<meta name=\"twitter:card\" content=\"summary_large_image\" \/>\n<meta name=\"twitter:label1\" content=\"Dur\u00e9e de lecture estim\u00e9e\" \/>\n\t<meta name=\"twitter:data1\" content=\"3 minutes\" \/>\n<script type=\"application\/ld+json\" class=\"yoast-schema-graph\">{\"@context\":\"https:\/\/schema.org\",\"@graph\":[{\"@type\":\"WebPage\",\"@id\":\"https:\/\/chezburette.fr\/\",\"url\":\"https:\/\/chezburette.fr\/\",\"name\":\"Entretien de machines \u00e0 coudre familiales - Chez Burette\",\"isPartOf\":{\"@id\":\"https:\/\/chezburette.fr\/#website\"},\"primaryImageOfPage\":{\"@id\":\"https:\/\/chezburette.fr\/#primaryimage\"},\"image\":{\"@id\":\"https:\/\/chezburette.fr\/#primaryimage\"},\"thumbnailUrl\":\"https:\/\/chezburette.fr\/wp-content\/uploads\/2025\/11\/banniere1.gif\",\"datePublished\":\"2025-10-24T14:37:35+00:00\",\"dateModified\":\"2026-03-16T19:01:07+00:00\",\"description\":\"Entretien et r\u00e9paration de machines \u00e0 coudre familiales. Piqueuses, brodeuses, surjeteuses, recouvreuses et machines combin\u00e9es.\",\"breadcrumb\":{\"@id\":\"https:\/\/chezburette.fr\/#breadcrumb\"},\"inLanguage\":\"fr-FR\",\"potentialAction\":[{\"@type\":\"ReadAction\",\"target\":[\"https:\/\/chezburette.fr\/\"]}]},{\"@type\":\"ImageObject\",\"inLanguage\":\"fr-FR\",\"@id\":\"https:\/\/chezburette.fr\/#primaryimage\",\"url\":\"https:\/\/chezburette.fr\/wp-content\/uploads\/2025\/11\/banniere1.gif\",\"contentUrl\":\"https:\/\/chezburette.fr\/wp-content\/uploads\/2025\/11\/banniere1.gif\",\"width\":650,\"height\":200},{\"@type\":\"BreadcrumbList\",\"@id\":\"https:\/\/chezburette.fr\/#breadcrumb\",\"itemListElement\":[{\"@type\":\"ListItem\",\"position\":1,\"name\":\"Accueil\",\"item\":\"https:\/\/chezburette.fr\/\"},{\"@type\":\"ListItem\",\"position\":2,\"name\":\"L&rsquo;atelier\"}]},{\"@type\":\"WebSite\",\"@id\":\"https:\/\/chezburette.fr\/#website\",\"url\":\"https:\/\/chezburette.fr\/\",\"name\":\"Chez Burette\",\"description\":\"Entretien et r\u00e9paration de machines \u00e0 coudre\",\"publisher\":{\"@id\":\"https:\/\/chezburette.fr\/#organization\"},\"potentialAction\":[{\"@type\":\"SearchAction\",\"target\":{\"@type\":\"EntryPoint\",\"urlTemplate\":\"https:\/\/chezburette.fr\/?s={search_term_string}\"},\"query-input\":{\"@type\":\"PropertyValueSpecification\",\"valueRequired\":true,\"valueName\":\"search_term_string\"}}],\"inLanguage\":\"fr-FR\"},{\"@type\":\"Organization\",\"@id\":\"https:\/\/chezburette.fr\/#organization\",\"name\":\"Chez Burette\",\"url\":\"https:\/\/chezburette.fr\/\",\"logo\":{\"@type\":\"ImageObject\",\"inLanguage\":\"fr-FR\",\"@id\":\"https:\/\/chezburette.fr\/#\/schema\/logo\/image\/\",\"url\":\"https:\/\/chezburette.fr\/wp-content\/uploads\/2025\/11\/logoEnTeteSite.jpg\",\"contentUrl\":\"https:\/\/chezburette.fr\/wp-content\/uploads\/2025\/11\/logoEnTeteSite.jpg\",\"width\":193,\"height\":158,\"caption\":\"Chez Burette\"},\"image\":{\"@id\":\"https:\/\/chezburette.fr\/#\/schema\/logo\/image\/\"}}]}<\/script>\n<!-- \/ Yoast SEO plugin. -->","yoast_head_json":{"title":"Entretien de machines \u00e0 coudre familiales - Chez Burette","description":"Entretien et r\u00e9paration de machines \u00e0 coudre familiales. Piqueuses, brodeuses, surjeteuses, recouvreuses et machines combin\u00e9es.","robots":{"index":"index","follow":"follow","max-snippet":"max-snippet:-1","max-image-preview":"max-image-preview:large","max-video-preview":"max-video-preview:-1"},"canonical":"https:\/\/chezburette.fr\/","og_locale":"fr_FR","og_type":"article","og_title":"Entretien de machines \u00e0 coudre familiales - Chez Burette","og_description":"Entretien et r\u00e9paration de machines \u00e0 coudre familiales. Piqueuses, brodeuses, surjeteuses, recouvreuses et machines combin\u00e9es.","og_url":"https:\/\/chezburette.fr\/","og_site_name":"Chez Burette","article_modified_time":"2026-03-16T19:01:07+00:00","og_image":[{"width":650,"height":200,"url":"https:\/\/chezburette.fr\/wp-content\/uploads\/2025\/11\/banniere1.gif","type":"image\/gif"}],"twitter_card":"summary_large_image","twitter_misc":{"Dur\u00e9e de lecture estim\u00e9e":"3 minutes"},"schema":{"@context":"https:\/\/schema.org","@graph":[{"@type":"WebPage","@id":"https:\/\/chezburette.fr\/","url":"https:\/\/chezburette.fr\/","name":"Entretien de machines \u00e0 coudre familiales - Chez Burette","isPartOf":{"@id":"https:\/\/chezburette.fr\/#website"},"primaryImageOfPage":{"@id":"https:\/\/chezburette.fr\/#primaryimage"},"image":{"@id":"https:\/\/chezburette.fr\/#primaryimage"},"thumbnailUrl":"https:\/\/chezburette.fr\/wp-content\/uploads\/2025\/11\/banniere1.gif","datePublished":"2025-10-24T14:37:35+00:00","dateModified":"2026-03-16T19:01:07+00:00","description":"Entretien et r\u00e9paration de machines \u00e0 coudre familiales. Piqueuses, brodeuses, surjeteuses, recouvreuses et machines combin\u00e9es.","breadcrumb":{"@id":"https:\/\/chezburette.fr\/#breadcrumb"},"inLanguage":"fr-FR","potentialAction":[{"@type":"ReadAction","target":["https:\/\/chezburette.fr\/"]}]},{"@type":"ImageObject","inLanguage":"fr-FR","@id":"https:\/\/chezburette.fr\/#primaryimage","url":"https:\/\/chezburette.fr\/wp-content\/uploads\/2025\/11\/banniere1.gif","contentUrl":"https:\/\/chezburette.fr\/wp-content\/uploads\/2025\/11\/banniere1.gif","width":650,"height":200},{"@type":"BreadcrumbList","@id":"https:\/\/chezburette.fr\/#breadcrumb","itemListElement":[{"@type":"ListItem","position":1,"name":"Accueil","item":"https:\/\/chezburette.fr\/"},{"@type":"ListItem","position":2,"name":"L&rsquo;atelier"}]},{"@type":"WebSite","@id":"https:\/\/chezburette.fr\/#website","url":"https:\/\/chezburette.fr\/","name":"Chez Burette","description":"Entretien et r\u00e9paration de machines \u00e0 coudre","publisher":{"@id":"https:\/\/chezburette.fr\/#organization"},"potentialAction":[{"@type":"SearchAction","target":{"@type":"EntryPoint","urlTemplate":"https:\/\/chezburette.fr\/?s={search_term_string}"},"query-input":{"@type":"PropertyValueSpecification","valueRequired":true,"valueName":"search_term_string"}}],"inLanguage":"fr-FR"},{"@type":"Organization","@id":"https:\/\/chezburette.fr\/#organization","name":"Chez Burette","url":"https:\/\/chezburette.fr\/","logo":{"@type":"ImageObject","inLanguage":"fr-FR","@id":"https:\/\/chezburette.fr\/#\/schema\/logo\/image\/","url":"https:\/\/chezburette.fr\/wp-content\/uploads\/2025\/11\/logoEnTeteSite.jpg","contentUrl":"https:\/\/chezburette.fr\/wp-content\/uploads\/2025\/11\/logoEnTeteSite.jpg","width":193,"height":158,"caption":"Chez Burette"},"image":{"@id":"https:\/\/chezburette.fr\/#\/schema\/logo\/image\/"}}]}},"_links":{"self":[{"href":"https:\/\/chezburette.fr\/index.php\/wp-json\/wp\/v2\/pages\/113","targetHints":{"allow":["GET"]}}],"collection":[{"href":"https:\/\/chezburette.fr\/index.php\/wp-json\/wp\/v2\/pages"}],"about":[{"href":"https:\/\/chezburette.fr\/index.php\/wp-json\/wp\/v2\/types\/page"}],"author":[{"embeddable":true,"href":"https:\/\/chezburette.fr\/index.php\/wp-json\/wp\/v2\/users\/1"}],"replies":[{"embeddable":true,"href":"https:\/\/chezburette.fr\/index.php\/wp-json\/wp\/v2\/comments?post=113"}],"version-history":[{"count":45,"href":"https:\/\/chezburette.fr\/index.php\/wp-json\/wp\/v2\/pages\/113\/revisions"}],"predecessor-version":[{"id":383,"href":"https:\/\/chezburette.fr\/index.php\/wp-json\/wp\/v2\/pages\/113\/revisions\/383"}],"wp:attachment":[{"href":"https:\/\/chezburette.fr\/index.php\/wp-json\/wp\/v2\/media?parent=113"}],"curies":[{"name":"wp","href":"https:\/\/api.w.org\/{rel}","templated":true}]}}