{"id":111,"date":"2025-10-24T14:37:18","date_gmt":"2025-10-24T14:37:18","guid":{"rendered":"https:\/\/chezburette.fr\/?page_id=111"},"modified":"2026-03-16T19:07:04","modified_gmt":"2026-03-16T19:07:04","slug":"chez-burette-entretient-et-repare-vos-machines-a-coudre","status":"publish","type":"page","link":"https:\/\/chezburette.fr\/index.php\/chez-burette-entretient-et-repare-vos-machines-a-coudre\/","title":{"rendered":"Entretien \/ R\u00e9paration"},"content":{"rendered":"\n<p class=\"has-white-color has-text-color has-background has-link-color has-small-font-size wp-elements-612a090f2f2f9f23188e62ce60233834\" style=\"background-color:#07824b\"><strong>Chez Burette entretient et r\u00e9pare vos machines \u00e0 coudre familiales, surjeteuses, recouvreuses, brodeuses et machines combin\u00e9es. <br>Annecy, Faverges, Albertville, Gex, o\u00f9 que vous habitiez, trouvez la meilleure solution pour d\u00e9poser votre machine \u00e0 coudre.<\/strong><\/p>\n\n\n\n<h3 class=\"wp-block-heading\">ANNECY et ALENTOURS \/\/ <strong>Vous souhaitez d\u00e9poser votre machine \u00e0 coudre pour un entretien ou une r\u00e9paration \u00e0 Annecy ? <\/strong><\/h3>\n\n\n\n<div class=\"wp-block-columns is-layout-flex wp-container-core-columns-is-layout-9d6595d7 wp-block-columns-is-layout-flex\">\n<div class=\"wp-block-column is-layout-flow wp-block-column-is-layout-flow\" style=\"flex-basis:33.33%\"><div class=\"wp-block-image\">\n<figure class=\"aligncenter size-full is-resized\"><img loading=\"lazy\" decoding=\"async\" width=\"200\" height=\"200\" src=\"https:\/\/chezburette.fr\/wp-content\/uploads\/2025\/10\/sudocoud-logo-1519809865.png\" alt=\"\" class=\"wp-image-156\" style=\"width:124px;height:auto\" srcset=\"https:\/\/chezburette.fr\/wp-content\/uploads\/2025\/10\/sudocoud-logo-1519809865.png 200w, https:\/\/chezburette.fr\/wp-content\/uploads\/2025\/10\/sudocoud-logo-1519809865-150x150.png 150w\" sizes=\"auto, (max-width: 200px) 100vw, 200px\" \/><\/figure>\n<\/div><\/div>\n\n\n\n<div class=\"wp-block-column is-layout-flow wp-block-column-is-layout-flow\" style=\"flex-basis:66.66%\">\n<p>Rendez-vous chez <strong>SUDOCOUD<\/strong>, <strong>magasin de tissus et de machines \u00e0 coudre \u00e0 Annecy.<\/strong><br>Vous pouvez d\u00e9poser votre machine du mardi au samedi de 10h \u00e0 12h et de 14h \u00e0 18h30.<br>Je passe r\u00e9cup\u00e9rer et red\u00e9poser vos machines tous les jeudis matins. <br>Comptez un d\u00e9lai de 15 jours (variable suivant les p\u00e9riodes de l\u2019ann\u00e9e, hors pi\u00e8ces \u00e0 commander) \u00e0 partir de la date de d\u00e9part de votre machine et non de la date de d\u00e9p\u00f4t).<br>Les r\u00e9visions et r\u00e9parations sont r\u00e9alis\u00e9es dans mon atelier \u00e0 Faverges-Seythenex par mes soins. <br><br><strong>\/\/<\/strong> <strong>BROTHER, BERNINA, BABYLOCK : <\/strong>le magasin SUDOCOUD est le sp\u00e9cialiste de ces 3 marques. Pour un d\u00e9p\u00f4t de l&rsquo;une de ces marques, les vendeuses effectueront un pr\u00e9-diagnostic avec vous. Vous remplirez un bon d&rsquo;entr\u00e9e et verserez 24\u20ac de prise en charge.<br><strong>\/\/ AUTRES MARQUES :<\/strong> vous d\u00e9poserez simplement votre machine SANS pr\u00e9-diagnostic, en remplissant un bon d&rsquo;entr\u00e9e avec vos remarques et vous verserez 24\u20ac de prise en charge. <br><\/p>\n\n\n\n<p><strong>Forfait entretien de base = 118 \u20ac <strong>\u00a0<strong>(+ 10 \u20ac si module de broderie sur machine combin\u00e9e)<\/strong><\/strong>. <\/strong><br>Je vous ferais parvenir un devis avant d&rsquo;intervenir sur votre machine si je constate un travail plus important ou des pi\u00e8ces \u00e0 changer. A l&rsquo;acceptation du devis, je m&rsquo;occuperai de votre machine dans les d\u00e9lais impartis.<br>Au cas o\u00f9 votre machine n&rsquo;est pas r\u00e9parable, le montant de prise en charge de 24\u20ac ne vous sera pas rembours\u00e9, il sert \u00e0 financer le d\u00e9montage\/diagnostic de votre machine.<\/p>\n<\/div>\n<\/div>\n\n\n\n<hr class=\"wp-block-separator has-alpha-channel-opacity is-style-wide\"\/>\n\n\n\n<h3 class=\"wp-block-heading\">FAVERGES ET ALENTOURS\/\/ <strong>Vous souhaitez d\u00e9poser votre machine \u00e0 coudre pour un entretien ou une r\u00e9paration \u00e0 Faverges-Seythenex ? <\/strong><\/h3>\n\n\n\n<div class=\"wp-block-columns is-layout-flex wp-container-core-columns-is-layout-9d6595d7 wp-block-columns-is-layout-flex\">\n<div class=\"wp-block-column is-layout-flow wp-block-column-is-layout-flow\" style=\"flex-basis:33.33%\"><div class=\"wp-block-image\">\n<figure class=\"aligncenter size-full is-resized\"><img decoding=\"async\" src=\"https:\/\/chezburette.fr\/wp-content\/uploads\/2025\/10\/ATELIER-ChezBurette.png\" alt=\"\" class=\"wp-image-167\" style=\"width:202px;height:auto\"\/><\/figure>\n<\/div><\/div>\n\n\n\n<div class=\"wp-block-column is-layout-flow wp-block-column-is-layout-flow\" style=\"flex-basis:66.66%\">\n<p>Rendez-vous directement \u00e0 mon atelier situ\u00e9 \u00e0 FAVERGES-SEYTHENEX, <a data-type=\"page\" data-id=\"115\" href=\"https:\/\/chezburette.fr\/index.php\/contact\/\">adresse ici.<\/a><br>Vous pouvez d\u00e9poser votre machine le lundi et mardi de 10h \u00e0 12h et de 14h \u00e0 16h, ainsi que le mercredi de 14h \u00e0 16h. <br>N&rsquo;h\u00e9sitez pas \u00e0 me <a data-type=\"page\" data-id=\"115\" href=\"https:\/\/chezburette.fr\/index.php\/contact\/\">t\u00e9l\u00e9phoner<\/a> pour qu&rsquo;on puisse convenir d&rsquo;un \u00e9ventuel rendez-vous.<br>D\u00e9lai d&rsquo;intervention de 1 \u00e0 3 semaines (variable selon les p\u00e9riodes de l&rsquo;ann\u00e9e, hors pi\u00e8ces \u00e0 commander).<br><br><strong>\/\/ ENTRETIEN ET REPARATION TOUTES MARQUES<\/strong><br><br>Lorsque vous d\u00e9poserez votre machine \u00e0 mon atelier, vous me ferez part de vos besoins et remarques, j&rsquo;effectuerai un pr\u00e9-diagnostic au besoin, nous remplirons un bon d&rsquo;entr\u00e9e et vous r\u00e8glerez 24\u20ac de prise en charge.<br><br><strong>Forfait entretien de base = 118 \u20ac <strong>\u00a0<strong>(+ 10 \u20ac si module de broderie sur machine combin\u00e9e)<\/strong>.<\/strong> <\/strong><br>Je vous ferais parvenir un devis avant d&rsquo;intervenir sur votre machine si je constate un travail plus important ou des pi\u00e8ces \u00e0 changer. A l&rsquo;acceptation du devis, je m&rsquo;occuperai de votre machine dans les d\u00e9lais impartis.<br>Au cas o\u00f9 votre machine n&rsquo;est pas r\u00e9parable, le montant de prise en charge de 24\u20ac ne vous sera pas rembours\u00e9, il sert \u00e0 financer le d\u00e9montage\/diagnostic de votre machine.<\/p>\n<\/div>\n<\/div>\n\n\n\n<hr class=\"wp-block-separator has-alpha-channel-opacity is-style-wide\"\/>\n\n\n\n<h3 class=\"wp-block-heading\">GEX et ALENTOURS \/\/ <strong>Vous souhaitez d\u00e9poser votre machine \u00e0 coudre pour un entretien ou une r\u00e9paration \u00e0 GEX ? <\/strong><\/h3>\n\n\n\n<div class=\"wp-block-columns is-layout-flex wp-container-core-columns-is-layout-9d6595d7 wp-block-columns-is-layout-flex\">\n<div class=\"wp-block-column is-layout-flow wp-block-column-is-layout-flow\" style=\"flex-basis:33.33%\"><div class=\"wp-block-image\">\n<figure class=\"aligncenter size-full\"><img loading=\"lazy\" decoding=\"async\" width=\"300\" height=\"114\" src=\"https:\/\/chezburette.fr\/wp-content\/uploads\/2026\/03\/Logo-MToinette-retina-300x114-1.webp\" alt=\"\" class=\"wp-image-365\"\/><\/figure>\n<\/div><\/div>\n\n\n\n<div class=\"wp-block-column is-layout-flow wp-block-column-is-layout-flow\" style=\"flex-basis:66.66%\">\n<p>Rendez-vous chez <a href=\"https:\/\/www.mtoinette.com\/\" target=\"_blank\" rel=\"noreferrer noopener\">M&rsquo;Toinette<\/a>, mercerie et loisirs cr\u00e9atifs<strong> \u00e0 GEX<\/strong>.<br><strong>15, Place du Jura<br>01170 GEX<\/strong><br>Vous pouvez d\u00e9poser votre machine aux horaires d&rsquo;ouverture du magasin \u00e0 consulter directement sur<a href=\"https:\/\/www.mtoinette.com\/\" target=\"_blank\" rel=\"noreferrer noopener\"> leur site<\/a>.<br>Je passe r\u00e9cup\u00e9rer et red\u00e9poser vos machines tous les derniers jeudis du mois sauf exception. <br><strong>Voici le calendrier de mes passages :<br>. mercredi 25 mars<br>. jeudi 30 avril<br>. jeudi 28 mai<br>. jeudi 25 juin<br>jeudi 30 juillet<\/strong><br>Pensez bien \u00e0 d\u00e9poser vos machines au plus tard la veille de mon passage.<br>Les r\u00e9visions et r\u00e9parations sont r\u00e9alis\u00e9es dans mon atelier \u00e0 Faverges-Seythenex par mes soins. <br><br><strong>\/\/\/ TOUTES MARQUES<\/strong> Vous d\u00e9poserez simplement votre machine en remplissant un bon d&rsquo;entr\u00e9e avec vos remarques et vous verserez 22\u20ac de prise en charge. <br><\/p>\n\n\n\n<p><strong>Forfait entretien de base = 118 \u20ac (+ 10 \u20ac si module de broderie sur machine combin\u00e9e). <\/strong><br>Je vous ferais parvenir un devis avant d&rsquo;intervenir sur votre machine si je constate un travail plus important ou des pi\u00e8ces \u00e0 changer. A l&rsquo;acceptation du devis, je m&rsquo;occuperai de votre machine dans les d\u00e9lais impartis.<br>Au cas o\u00f9 votre machine n&rsquo;est pas r\u00e9parable, le montant de prise en charge de 22\u20ac ne vous sera pas rembours\u00e9, il sert \u00e0 financer le d\u00e9montage\/diagnostic de votre machine.<\/p>\n<\/div>\n<\/div>\n\n\n\n<p><\/p>\n","protected":false},"excerpt":{"rendered":"<p>Chez Burette entretient et r\u00e9pare vos machines \u00e0 coudre familiales, surjeteuses, recouvreuses, brodeuses et machines combin\u00e9es. Annecy, Faverges, Albertville, Gex, o\u00f9 que vous habitiez, trouvez la meilleure solution pour d\u00e9poser &#8230;<\/p>\n","protected":false},"author":1,"featured_media":0,"parent":0,"menu_order":0,"comment_status":"closed","ping_status":"closed","template":"","meta":{"footnotes":""},"class_list":["post-111","page","type-page","status-publish","hentry"],"yoast_head":"<!-- This site is optimized with the Yoast SEO plugin v26.4 - https:\/\/yoast.com\/wordpress\/plugins\/seo\/ -->\n<title>Chez Burette entretient et r\u00e9pare vos machines \u00e0 coudre - Annecy, Faverges<\/title>\n<meta name=\"description\" content=\"Chez Burette entretient et r\u00e9pare vos machines \u00e0 coudre. Annecy, Faverges, Albertville, trouvez o\u00f9 d\u00e9poser votre machine \u00e0 coudre.\" \/>\n<meta name=\"robots\" content=\"index, follow, max-snippet:-1, max-image-preview:large, max-video-preview:-1\" \/>\n<link rel=\"canonical\" href=\"https:\/\/chezburette.fr\/index.php\/chez-burette-entretient-et-repare-vos-machines-a-coudre\/\" \/>\n<meta property=\"og:locale\" content=\"fr_FR\" \/>\n<meta property=\"og:type\" content=\"article\" \/>\n<meta property=\"og:title\" content=\"Chez Burette entretient et r\u00e9pare vos machines \u00e0 coudre - Annecy, Faverges\" \/>\n<meta property=\"og:description\" content=\"Chez Burette entretient et r\u00e9pare vos machines \u00e0 coudre. Annecy, Faverges, Albertville, trouvez o\u00f9 d\u00e9poser votre machine \u00e0 coudre.\" \/>\n<meta property=\"og:url\" content=\"https:\/\/chezburette.fr\/index.php\/chez-burette-entretient-et-repare-vos-machines-a-coudre\/\" \/>\n<meta property=\"og:site_name\" content=\"Chez Burette\" \/>\n<meta property=\"article:modified_time\" content=\"2026-03-16T19:07:04+00:00\" \/>\n<meta property=\"og:image\" content=\"https:\/\/chezburette.fr\/wp-content\/uploads\/2025\/10\/sudocoud-logo-1519809865.png\" \/>\n\t<meta property=\"og:image:width\" content=\"200\" \/>\n\t<meta property=\"og:image:height\" content=\"200\" \/>\n\t<meta property=\"og:image:type\" content=\"image\/png\" \/>\n<meta name=\"twitter:card\" content=\"summary_large_image\" \/>\n<meta name=\"twitter:label1\" content=\"Dur\u00e9e de lecture estim\u00e9e\" \/>\n\t<meta name=\"twitter:data1\" content=\"3 minutes\" \/>\n<script type=\"application\/ld+json\" class=\"yoast-schema-graph\">{\"@context\":\"https:\/\/schema.org\",\"@graph\":[{\"@type\":\"WebPage\",\"@id\":\"https:\/\/chezburette.fr\/index.php\/chez-burette-entretient-et-repare-vos-machines-a-coudre\/\",\"url\":\"https:\/\/chezburette.fr\/index.php\/chez-burette-entretient-et-repare-vos-machines-a-coudre\/\",\"name\":\"Chez Burette entretient et r\u00e9pare vos machines \u00e0 coudre - Annecy, Faverges\",\"isPartOf\":{\"@id\":\"https:\/\/chezburette.fr\/#website\"},\"primaryImageOfPage\":{\"@id\":\"https:\/\/chezburette.fr\/index.php\/chez-burette-entretient-et-repare-vos-machines-a-coudre\/#primaryimage\"},\"image\":{\"@id\":\"https:\/\/chezburette.fr\/index.php\/chez-burette-entretient-et-repare-vos-machines-a-coudre\/#primaryimage\"},\"thumbnailUrl\":\"https:\/\/chezburette.fr\/wp-content\/uploads\/2025\/10\/sudocoud-logo-1519809865.png\",\"datePublished\":\"2025-10-24T14:37:18+00:00\",\"dateModified\":\"2026-03-16T19:07:04+00:00\",\"description\":\"Chez Burette entretient et r\u00e9pare vos machines \u00e0 coudre. Annecy, Faverges, Albertville, trouvez o\u00f9 d\u00e9poser votre machine \u00e0 coudre.\",\"breadcrumb\":{\"@id\":\"https:\/\/chezburette.fr\/index.php\/chez-burette-entretient-et-repare-vos-machines-a-coudre\/#breadcrumb\"},\"inLanguage\":\"fr-FR\",\"potentialAction\":[{\"@type\":\"ReadAction\",\"target\":[\"https:\/\/chezburette.fr\/index.php\/chez-burette-entretient-et-repare-vos-machines-a-coudre\/\"]}]},{\"@type\":\"ImageObject\",\"inLanguage\":\"fr-FR\",\"@id\":\"https:\/\/chezburette.fr\/index.php\/chez-burette-entretient-et-repare-vos-machines-a-coudre\/#primaryimage\",\"url\":\"https:\/\/chezburette.fr\/wp-content\/uploads\/2025\/10\/sudocoud-logo-1519809865.png\",\"contentUrl\":\"https:\/\/chezburette.fr\/wp-content\/uploads\/2025\/10\/sudocoud-logo-1519809865.png\",\"width\":200,\"height\":200},{\"@type\":\"BreadcrumbList\",\"@id\":\"https:\/\/chezburette.fr\/index.php\/chez-burette-entretient-et-repare-vos-machines-a-coudre\/#breadcrumb\",\"itemListElement\":[{\"@type\":\"ListItem\",\"position\":1,\"name\":\"Accueil\",\"item\":\"https:\/\/chezburette.fr\/\"},{\"@type\":\"ListItem\",\"position\":2,\"name\":\"Entretien \/ R\u00e9paration\"}]},{\"@type\":\"WebSite\",\"@id\":\"https:\/\/chezburette.fr\/#website\",\"url\":\"https:\/\/chezburette.fr\/\",\"name\":\"Chez Burette\",\"description\":\"Entretien et r\u00e9paration de machines \u00e0 coudre\",\"publisher\":{\"@id\":\"https:\/\/chezburette.fr\/#organization\"},\"potentialAction\":[{\"@type\":\"SearchAction\",\"target\":{\"@type\":\"EntryPoint\",\"urlTemplate\":\"https:\/\/chezburette.fr\/?s={search_term_string}\"},\"query-input\":{\"@type\":\"PropertyValueSpecification\",\"valueRequired\":true,\"valueName\":\"search_term_string\"}}],\"inLanguage\":\"fr-FR\"},{\"@type\":\"Organization\",\"@id\":\"https:\/\/chezburette.fr\/#organization\",\"name\":\"Chez Burette\",\"url\":\"https:\/\/chezburette.fr\/\",\"logo\":{\"@type\":\"ImageObject\",\"inLanguage\":\"fr-FR\",\"@id\":\"https:\/\/chezburette.fr\/#\/schema\/logo\/image\/\",\"url\":\"https:\/\/chezburette.fr\/wp-content\/uploads\/2025\/11\/logoEnTeteSite.jpg\",\"contentUrl\":\"https:\/\/chezburette.fr\/wp-content\/uploads\/2025\/11\/logoEnTeteSite.jpg\",\"width\":193,\"height\":158,\"caption\":\"Chez Burette\"},\"image\":{\"@id\":\"https:\/\/chezburette.fr\/#\/schema\/logo\/image\/\"}}]}<\/script>\n<!-- \/ Yoast SEO plugin. -->","yoast_head_json":{"title":"Chez Burette entretient et r\u00e9pare vos machines \u00e0 coudre - Annecy, Faverges","description":"Chez Burette entretient et r\u00e9pare vos machines \u00e0 coudre. Annecy, Faverges, Albertville, trouvez o\u00f9 d\u00e9poser votre machine \u00e0 coudre.","robots":{"index":"index","follow":"follow","max-snippet":"max-snippet:-1","max-image-preview":"max-image-preview:large","max-video-preview":"max-video-preview:-1"},"canonical":"https:\/\/chezburette.fr\/index.php\/chez-burette-entretient-et-repare-vos-machines-a-coudre\/","og_locale":"fr_FR","og_type":"article","og_title":"Chez Burette entretient et r\u00e9pare vos machines \u00e0 coudre - Annecy, Faverges","og_description":"Chez Burette entretient et r\u00e9pare vos machines \u00e0 coudre. Annecy, Faverges, Albertville, trouvez o\u00f9 d\u00e9poser votre machine \u00e0 coudre.","og_url":"https:\/\/chezburette.fr\/index.php\/chez-burette-entretient-et-repare-vos-machines-a-coudre\/","og_site_name":"Chez Burette","article_modified_time":"2026-03-16T19:07:04+00:00","og_image":[{"width":200,"height":200,"url":"https:\/\/chezburette.fr\/wp-content\/uploads\/2025\/10\/sudocoud-logo-1519809865.png","type":"image\/png"}],"twitter_card":"summary_large_image","twitter_misc":{"Dur\u00e9e de lecture estim\u00e9e":"3 minutes"},"schema":{"@context":"https:\/\/schema.org","@graph":[{"@type":"WebPage","@id":"https:\/\/chezburette.fr\/index.php\/chez-burette-entretient-et-repare-vos-machines-a-coudre\/","url":"https:\/\/chezburette.fr\/index.php\/chez-burette-entretient-et-repare-vos-machines-a-coudre\/","name":"Chez Burette entretient et r\u00e9pare vos machines \u00e0 coudre - Annecy, Faverges","isPartOf":{"@id":"https:\/\/chezburette.fr\/#website"},"primaryImageOfPage":{"@id":"https:\/\/chezburette.fr\/index.php\/chez-burette-entretient-et-repare-vos-machines-a-coudre\/#primaryimage"},"image":{"@id":"https:\/\/chezburette.fr\/index.php\/chez-burette-entretient-et-repare-vos-machines-a-coudre\/#primaryimage"},"thumbnailUrl":"https:\/\/chezburette.fr\/wp-content\/uploads\/2025\/10\/sudocoud-logo-1519809865.png","datePublished":"2025-10-24T14:37:18+00:00","dateModified":"2026-03-16T19:07:04+00:00","description":"Chez Burette entretient et r\u00e9pare vos machines \u00e0 coudre. Annecy, Faverges, Albertville, trouvez o\u00f9 d\u00e9poser votre machine \u00e0 coudre.","breadcrumb":{"@id":"https:\/\/chezburette.fr\/index.php\/chez-burette-entretient-et-repare-vos-machines-a-coudre\/#breadcrumb"},"inLanguage":"fr-FR","potentialAction":[{"@type":"ReadAction","target":["https:\/\/chezburette.fr\/index.php\/chez-burette-entretient-et-repare-vos-machines-a-coudre\/"]}]},{"@type":"ImageObject","inLanguage":"fr-FR","@id":"https:\/\/chezburette.fr\/index.php\/chez-burette-entretient-et-repare-vos-machines-a-coudre\/#primaryimage","url":"https:\/\/chezburette.fr\/wp-content\/uploads\/2025\/10\/sudocoud-logo-1519809865.png","contentUrl":"https:\/\/chezburette.fr\/wp-content\/uploads\/2025\/10\/sudocoud-logo-1519809865.png","width":200,"height":200},{"@type":"BreadcrumbList","@id":"https:\/\/chezburette.fr\/index.php\/chez-burette-entretient-et-repare-vos-machines-a-coudre\/#breadcrumb","itemListElement":[{"@type":"ListItem","position":1,"name":"Accueil","item":"https:\/\/chezburette.fr\/"},{"@type":"ListItem","position":2,"name":"Entretien \/ R\u00e9paration"}]},{"@type":"WebSite","@id":"https:\/\/chezburette.fr\/#website","url":"https:\/\/chezburette.fr\/","name":"Chez Burette","description":"Entretien et r\u00e9paration de machines \u00e0 coudre","publisher":{"@id":"https:\/\/chezburette.fr\/#organization"},"potentialAction":[{"@type":"SearchAction","target":{"@type":"EntryPoint","urlTemplate":"https:\/\/chezburette.fr\/?s={search_term_string}"},"query-input":{"@type":"PropertyValueSpecification","valueRequired":true,"valueName":"search_term_string"}}],"inLanguage":"fr-FR"},{"@type":"Organization","@id":"https:\/\/chezburette.fr\/#organization","name":"Chez Burette","url":"https:\/\/chezburette.fr\/","logo":{"@type":"ImageObject","inLanguage":"fr-FR","@id":"https:\/\/chezburette.fr\/#\/schema\/logo\/image\/","url":"https:\/\/chezburette.fr\/wp-content\/uploads\/2025\/11\/logoEnTeteSite.jpg","contentUrl":"https:\/\/chezburette.fr\/wp-content\/uploads\/2025\/11\/logoEnTeteSite.jpg","width":193,"height":158,"caption":"Chez Burette"},"image":{"@id":"https:\/\/chezburette.fr\/#\/schema\/logo\/image\/"}}]}},"_links":{"self":[{"href":"https:\/\/chezburette.fr\/index.php\/wp-json\/wp\/v2\/pages\/111","targetHints":{"allow":["GET"]}}],"collection":[{"href":"https:\/\/chezburette.fr\/index.php\/wp-json\/wp\/v2\/pages"}],"about":[{"href":"https:\/\/chezburette.fr\/index.php\/wp-json\/wp\/v2\/types\/page"}],"author":[{"embeddable":true,"href":"https:\/\/chezburette.fr\/index.php\/wp-json\/wp\/v2\/users\/1"}],"replies":[{"embeddable":true,"href":"https:\/\/chezburette.fr\/index.php\/wp-json\/wp\/v2\/comments?post=111"}],"version-history":[{"count":41,"href":"https:\/\/chezburette.fr\/index.php\/wp-json\/wp\/v2\/pages\/111\/revisions"}],"predecessor-version":[{"id":385,"href":"https:\/\/chezburette.fr\/index.php\/wp-json\/wp\/v2\/pages\/111\/revisions\/385"}],"wp:attachment":[{"href":"https:\/\/chezburette.fr\/index.php\/wp-json\/wp\/v2\/media?parent=111"}],"curies":[{"name":"wp","href":"https:\/\/api.w.org\/{rel}","templated":true}]}}